{"id":11111,"date":"2025-10-13T12:38:35","date_gmt":"2025-10-13T10:38:35","guid":{"rendered":"http:\/\/greenwood-cup.keskenet.de\/?page_id=11111"},"modified":"2025-10-23T20:28:14","modified_gmt":"2025-10-23T18:28:14","slug":"gemaa-tempelsee-offenbach-2-2-2","status":"publish","type":"page","link":"http:\/\/greenwood-cup.keskenet.de\/?page_id=11111","title":{"rendered":"Gemaa Tempelsee Offenbach"},"content":{"rendered":"\t\t<div data-elementor-type=\"wp-page\" data-elementor-id=\"11111\" class=\"elementor elementor-11111\">\n\t\t\t\t\t\t<section class=\"elementor-section elementor-top-section elementor-element elementor-element-4fb2950b elementor-section-boxed elementor-section-height-default elementor-section-height-default\" data-id=\"4fb2950b\" data-element_type=\"section\" data-e-type=\"section\">\n\t\t\t\t\t\t<div class=\"elementor-container elementor-column-gap-default\">\n\t\t\t\t\t<div class=\"elementor-column elementor-col-100 elementor-top-column elementor-element elementor-element-4d15aa3e\" data-id=\"4d15aa3e\" data-element_type=\"column\" data-e-type=\"column\">\n\t\t\t<div class=\"elementor-widget-wrap elementor-element-populated\">\n\t\t\t\t\t\t<div class=\"elementor-element elementor-element-0241f54 elementor-widget elementor-widget-image\" data-id=\"0241f54\" data-element_type=\"widget\" data-e-type=\"widget\" data-widget_type=\"image.default\">\n\t\t\t\t<div class=\"elementor-widget-container\">\n\t\t\t\t\t\t\t\t\t\t\t\t\t\t\t<img fetchpriority=\"high\" decoding=\"async\" width=\"640\" height=\"447\" src=\"data:image\/gif;base64,R0lGODlhAQABAIAAAAAAAP\/\/\/yH5BAEAAAAALAAAAAABAAEAAAIBRAA7\" data-src=\"http:\/\/greenwood-cup.keskenet.de\/wp-content\/uploads\/2025\/10\/Gemaa_Tempelsee_OF-768x536.jpg\" class=\"attachment-medium_large size-medium_large wp-image-11112 lazyload\" alt=\"\" data-srcset=\"http:\/\/greenwood-cup.keskenet.de\/wp-content\/uploads\/2025\/10\/Gemaa_Tempelsee_OF-768x536.jpg 768w, http:\/\/greenwood-cup.keskenet.de\/wp-content\/uploads\/2025\/10\/Gemaa_Tempelsee_OF-300x209.jpg 300w, http:\/\/greenwood-cup.keskenet.de\/wp-content\/uploads\/2025\/10\/Gemaa_Tempelsee_OF-128x89.jpg 128w, http:\/\/greenwood-cup.keskenet.de\/wp-content\/uploads\/2025\/10\/Gemaa_Tempelsee_OF-32x22.jpg 32w, http:\/\/greenwood-cup.keskenet.de\/wp-content\/uploads\/2025\/10\/Gemaa_Tempelsee_OF.jpg 1024w\" sizes=\"(max-width: 640px) 100vw, 640px\" \/><noscript><img decoding=\"async\" width=\"640\" height=\"447\" src=\"http:\/\/greenwood-cup.keskenet.de\/wp-content\/uploads\/2025\/10\/Gemaa_Tempelsee_OF-768x536.jpg\" class=\"attachment-medium_large size-medium_large wp-image-11112 lazyload\" alt=\"\" srcset=\"http:\/\/greenwood-cup.keskenet.de\/wp-content\/uploads\/2025\/10\/Gemaa_Tempelsee_OF-768x536.jpg 768w, http:\/\/greenwood-cup.keskenet.de\/wp-content\/uploads\/2025\/10\/Gemaa_Tempelsee_OF-300x209.jpg 300w, http:\/\/greenwood-cup.keskenet.de\/wp-content\/uploads\/2025\/10\/Gemaa_Tempelsee_OF-128x89.jpg 128w, http:\/\/greenwood-cup.keskenet.de\/wp-content\/uploads\/2025\/10\/Gemaa_Tempelsee_OF-32x22.jpg 32w, http:\/\/greenwood-cup.keskenet.de\/wp-content\/uploads\/2025\/10\/Gemaa_Tempelsee_OF.jpg 1024w\" sizes=\"(max-width: 640px) 100vw, 640px\" \/><\/noscript>\t\t\t\t\t\t\t\t\t\t\t\t\t\t\t<\/div>\n\t\t\t\t<\/div>\n\t\t\t\t<div class=\"elementor-element elementor-element-53d39e7d elementor-widget elementor-widget-text-editor\" data-id=\"53d39e7d\" data-element_type=\"widget\" data-e-type=\"widget\" data-widget_type=\"text-editor.default\">\n\t\t\t\t<div class=\"elementor-widget-container\">\n\t\t\t\t\t\t\t\t\t<table style=\"border-collapse: collapse;\"><tbody><tr><td><span id=\"docs-internal-guid-392428e5-7fff-8aec-0be6-2695846d2301\" style=\"font-family: georgia, palatino, serif; font-size: 12pt;\"><span style=\"color: #000000; background-color: transparent; font-variant-numeric: normal; font-variant-east-asian: normal; font-variant-alternates: normal; font-variant-position: normal; vertical-align: baseline; white-space-collapse: preserve;\">Hintere Reihe v. links<\/span><\/span><\/td><td><p style=\"text-align: left;\">Trainer Moritz Specht, Mohammed Anaiba, Benno Rothenb\u00fccher, Enno Visciani, Yosef Naseri,<\/p><p style=\"text-align: left;\">\u00d6mer T\u00fcrkyilmaz, Dimitrios Ntostas, Edris Ahmadi, Trainer Niko Ntostas<\/p><\/td><\/tr><tr><td style=\"text-align: justify;\"><span style=\"font-weight: 400;\">Vordere Reihe v. links<\/span><\/td><td><p><span style=\"font-weight: 400;\"> Baran Demir, Lian Wenzel, Tom Zins, Luka Cikojevic,Bogdan Birsanu, Decio Franke, Dimitris Bozidis<\/span><\/p><\/td><\/tr><tr><td style=\"text-align: justify;\"><span style=\"font-weight: 400;\">Auf dem Bild fehlt<\/span><\/td><td><p><span style=\"font-weight: 400;\">Alexander Todorov<\/span><\/p><\/td><\/tr><\/tbody><\/table><p><img decoding=\"async\" class=\"aligncenter wp-image-11344 size-medium lazyload\" src=\"data:image\/gif;base64,R0lGODlhAQABAIAAAAAAAP\/\/\/yH5BAEAAAAALAAAAAABAAEAAAIBRAA7\" data-src=\"https:\/\/greenwood-cup.keskenet.de\/wp-content\/uploads\/2025\/10\/Vgwc25_Schriftzug-300x116.png\" alt=\"\" width=\"300\" height=\"116\" \/><noscript><img loading=\"lazy\" decoding=\"async\" class=\"aligncenter wp-image-11344 size-medium lazyload\" src=\"https:\/\/greenwood-cup.keskenet.de\/wp-content\/uploads\/2025\/10\/Vgwc25_Schriftzug-300x116.png\" alt=\"\" width=\"300\" height=\"116\" \/><\/noscript><\/p><p><div class=\"sportspress sp-widget-align-none\"><h4 class=\"sp-table-caption\">Ergebnisse Greenwood-Cup 2025<\/h4><div class=\"sp-template sp-template-event-blocks\">\n\t<div class=\"sp-table-wrapper\">\n\t\t<table class=\"sp-event-blocks sp-data-table\n\t\t\t\t\t sp-paginated-table\" data-sp-rows=\"10\">\n\t\t\t<thead><tr><th><\/th><\/tr><\/thead> \t\t\t<tbody>\n\t\t\t\t\t\t\t\t\t<tr class=\"sp-row sp-post alternate\" itemscope itemtype=\"http:\/\/schema.org\/SportsEvent\">\n\t\t\t\t\t\t<td>\n\t\t\t\t\t\t\t\t\t\t\t\t\t\t<span class=\"team-logo logo-odd\" title=\"SV Darmstadt 98\"><img loading=\"lazy\" decoding=\"async\" width=\"128\" height=\"128\" src=\"data:image\/gif;base64,R0lGODlhAQABAIAAAAAAAP\/\/\/yH5BAEAAAAALAAAAAABAAEAAAIBRAA7\" data-src=\"http:\/\/greenwood-cup.keskenet.de\/wp-content\/uploads\/2022\/10\/SV_Darmstadt_98_Logo-e1666382392618-128x128.png\" class=\"attachment-sportspress-fit-icon size-sportspress-fit-icon wp-post-image lazyload\" alt=\"\" \/><noscript><img loading=\"lazy\" decoding=\"async\" width=\"128\" height=\"128\" src=\"http:\/\/greenwood-cup.keskenet.de\/wp-content\/uploads\/2022\/10\/SV_Darmstadt_98_Logo-e1666382392618-128x128.png\" class=\"attachment-sportspress-fit-icon size-sportspress-fit-icon wp-post-image lazyload\" alt=\"\" \/><\/noscript><\/span> <span class=\"team-logo logo-even\" title=\"Gemaa Tempelsee-Offenbach\"><img loading=\"lazy\" decoding=\"async\" width=\"128\" height=\"128\" src=\"data:image\/gif;base64,R0lGODlhAQABAIAAAAAAAP\/\/\/yH5BAEAAAAALAAAAAABAAEAAAIBRAA7\" data-src=\"http:\/\/greenwood-cup.keskenet.de\/wp-content\/uploads\/2018\/11\/Germania-Tempelsee-offenbach-128x128.png\" class=\"attachment-sportspress-fit-icon size-sportspress-fit-icon wp-post-image lazyload\" alt=\"\" \/><noscript><img loading=\"lazy\" decoding=\"async\" width=\"128\" height=\"128\" src=\"http:\/\/greenwood-cup.keskenet.de\/wp-content\/uploads\/2018\/11\/Germania-Tempelsee-offenbach-128x128.png\" class=\"attachment-sportspress-fit-icon size-sportspress-fit-icon wp-post-image lazyload\" alt=\"\" \/><\/noscript><\/span>\t\t\t\t\t\t\t<time class=\"sp-event-date\" datetime=\"2025-11-29 09:25:07\" itemprop=\"startDate\" content=\"2025-11-29T09:25:07+01:00\">\n\t\t\t\t\t\t\t\t<a href=\"http:\/\/greenwood-cup.keskenet.de\/?sp_event=sv-darmstadt-98-gemaa-tempelsee-offenbach-2\">29. November 2025<\/a>\t\t\t\t\t\t\t<\/time>\n\t\t\t\t\t\t\t\t\t\t\t\t\t\t<h5 class=\"sp-event-results\">\n\t\t\t\t\t\t\t\t<a href=\"http:\/\/greenwood-cup.keskenet.de\/?sp_event=sv-darmstadt-98-gemaa-tempelsee-offenbach-2\"><span class=\"sp-result ok\">9:25<\/span><\/a>\t\t\t\t\t\t\t<\/h5>\n\t\t\t\t\t\t\t\t\t\t\t\t\t\t\t<div class=\"sp-event-league\">Greenwood-Cup 2025<\/div>\n\t\t\t\t\t\t\t\t\t\t\t\t\t\t\t\t\t\t\t\t\t\t\t\t\t\t\t\t\t\t<div class=\"sp-event-season\">2025 &#8211; Vorrunde Elektrotechnik Thomas Abb Gruppe<\/div>\n\t\t\t\t\t\t\t\t\t\t\t\t\t\t\t\t\t\t\t\t\t\t\t\t\t\t\t\t\t\t\t\t\t\t\t\t\t<div style=\"display:none;\" class=\"sp-event-venue\" itemprop=\"location\" itemscope itemtype=\"http:\/\/schema.org\/Place\"><div itemprop=\"address\" itemscope itemtype=\"http:\/\/schema.org\/PostalAddress\">n.\u00a0a.<\/div><\/div>\n\t\t\t\t\t\t\t\t\t\t\t\t\t\t<h4 class=\"sp-event-title\" itemprop=\"name\">\n\t\t\t\t\t\t\t\t<a href=\"http:\/\/greenwood-cup.keskenet.de\/?sp_event=sv-darmstadt-98-gemaa-tempelsee-offenbach-2\">SV Darmstadt 98 \u2014 Gemaa Tempelsee-Offenbach<\/a>\t\t\t\t\t\t\t<\/h4>\n\t\t\t\t\t\t\t\n\t\t\t\t\t\t<\/td>\n\t\t\t\t\t<\/tr>\n\t\t\t\t\t\t\t\t\t\t<tr class=\"sp-row sp-post\" itemscope itemtype=\"http:\/\/schema.org\/SportsEvent\">\n\t\t\t\t\t\t<td>\n\t\t\t\t\t\t\t\t\t\t\t\t\t\t<span class=\"team-logo logo-odd\" title=\"Gemaa Tempelsee-Offenbach\"><img loading=\"lazy\" decoding=\"async\" width=\"128\" height=\"128\" src=\"data:image\/gif;base64,R0lGODlhAQABAIAAAAAAAP\/\/\/yH5BAEAAAAALAAAAAABAAEAAAIBRAA7\" data-src=\"http:\/\/greenwood-cup.keskenet.de\/wp-content\/uploads\/2018\/11\/Germania-Tempelsee-offenbach-128x128.png\" class=\"attachment-sportspress-fit-icon size-sportspress-fit-icon wp-post-image lazyload\" alt=\"\" \/><noscript><img loading=\"lazy\" decoding=\"async\" width=\"128\" height=\"128\" src=\"http:\/\/greenwood-cup.keskenet.de\/wp-content\/uploads\/2018\/11\/Germania-Tempelsee-offenbach-128x128.png\" class=\"attachment-sportspress-fit-icon size-sportspress-fit-icon wp-post-image lazyload\" alt=\"\" \/><\/noscript><\/span> <span class=\"team-logo logo-even\" title=\"FC Augsburg\"><img loading=\"lazy\" decoding=\"async\" width=\"98\" height=\"128\" src=\"data:image\/gif;base64,R0lGODlhAQABAIAAAAAAAP\/\/\/yH5BAEAAAAALAAAAAABAAEAAAIBRAA7\" data-src=\"http:\/\/greenwood-cup.keskenet.de\/wp-content\/uploads\/2018\/03\/200px-Logo_FC_Augsburg_svg-98x128.png\" class=\"attachment-sportspress-fit-icon size-sportspress-fit-icon wp-post-image lazyload\" alt=\"\" \/><noscript><img loading=\"lazy\" decoding=\"async\" width=\"98\" height=\"128\" src=\"http:\/\/greenwood-cup.keskenet.de\/wp-content\/uploads\/2018\/03\/200px-Logo_FC_Augsburg_svg-98x128.png\" class=\"attachment-sportspress-fit-icon size-sportspress-fit-icon wp-post-image lazyload\" alt=\"\" \/><\/noscript><\/span>\t\t\t\t\t\t\t<time class=\"sp-event-date\" datetime=\"2025-11-29 10:09:09\" itemprop=\"startDate\" content=\"2025-11-29T10:09:09+01:00\">\n\t\t\t\t\t\t\t\t<a href=\"http:\/\/greenwood-cup.keskenet.de\/?sp_event=gemaa-tempelsee-offenbach-fc-augsburg-2\">29. November 2025<\/a>\t\t\t\t\t\t\t<\/time>\n\t\t\t\t\t\t\t\t\t\t\t\t\t\t<h5 class=\"sp-event-results\">\n\t\t\t\t\t\t\t\t<a href=\"http:\/\/greenwood-cup.keskenet.de\/?sp_event=gemaa-tempelsee-offenbach-fc-augsburg-2\"><span class=\"sp-result ok\">10:09<\/span><\/a>\t\t\t\t\t\t\t<\/h5>\n\t\t\t\t\t\t\t\t\t\t\t\t\t\t\t<div class=\"sp-event-league\">Greenwood-Cup 2025<\/div>\n\t\t\t\t\t\t\t\t\t\t\t\t\t\t\t\t\t\t\t\t\t\t\t\t\t\t\t\t\t\t<div class=\"sp-event-season\">2025 &#8211; Vorrunde Elektrotechnik Thomas Abb Gruppe<\/div>\n\t\t\t\t\t\t\t\t\t\t\t\t\t\t\t\t\t\t\t\t\t\t\t\t\t\t\t\t\t\t\t\t\t\t\t\t\t<div style=\"display:none;\" class=\"sp-event-venue\" itemprop=\"location\" itemscope itemtype=\"http:\/\/schema.org\/Place\"><div itemprop=\"address\" itemscope itemtype=\"http:\/\/schema.org\/PostalAddress\">n.\u00a0a.<\/div><\/div>\n\t\t\t\t\t\t\t\t\t\t\t\t\t\t<h4 class=\"sp-event-title\" itemprop=\"name\">\n\t\t\t\t\t\t\t\t<a href=\"http:\/\/greenwood-cup.keskenet.de\/?sp_event=gemaa-tempelsee-offenbach-fc-augsburg-2\">Gemaa Tempelsee-Offenbach \u2014 FC Augsburg<\/a>\t\t\t\t\t\t\t<\/h4>\n\t\t\t\t\t\t\t\n\t\t\t\t\t\t<\/td>\n\t\t\t\t\t<\/tr>\n\t\t\t\t\t\t\t\t\t\t<tr class=\"sp-row sp-post alternate\" itemscope itemtype=\"http:\/\/schema.org\/SportsEvent\">\n\t\t\t\t\t\t<td>\n\t\t\t\t\t\t\t\t\t\t\t\t\t\t<span class=\"team-logo logo-odd\" title=\"RB Leipzig\"><img loading=\"lazy\" decoding=\"async\" width=\"128\" height=\"65\" src=\"data:image\/gif;base64,R0lGODlhAQABAIAAAAAAAP\/\/\/yH5BAEAAAAALAAAAAABAAEAAAIBRAA7\" data-src=\"http:\/\/greenwood-cup.keskenet.de\/wp-content\/uploads\/2018\/11\/RB_Leipzig_Logo-128x65.png\" class=\"attachment-sportspress-fit-icon size-sportspress-fit-icon wp-post-image lazyload\" alt=\"\" \/><noscript><img loading=\"lazy\" decoding=\"async\" width=\"128\" height=\"65\" src=\"http:\/\/greenwood-cup.keskenet.de\/wp-content\/uploads\/2018\/11\/RB_Leipzig_Logo-128x65.png\" class=\"attachment-sportspress-fit-icon size-sportspress-fit-icon wp-post-image lazyload\" alt=\"\" \/><\/noscript><\/span> <span class=\"team-logo logo-even\" title=\"Gemaa Tempelsee-Offenbach\"><img loading=\"lazy\" decoding=\"async\" width=\"128\" height=\"128\" src=\"data:image\/gif;base64,R0lGODlhAQABAIAAAAAAAP\/\/\/yH5BAEAAAAALAAAAAABAAEAAAIBRAA7\" data-src=\"http:\/\/greenwood-cup.keskenet.de\/wp-content\/uploads\/2018\/11\/Germania-Tempelsee-offenbach-128x128.png\" class=\"attachment-sportspress-fit-icon size-sportspress-fit-icon wp-post-image lazyload\" alt=\"\" \/><noscript><img loading=\"lazy\" decoding=\"async\" width=\"128\" height=\"128\" src=\"http:\/\/greenwood-cup.keskenet.de\/wp-content\/uploads\/2018\/11\/Germania-Tempelsee-offenbach-128x128.png\" class=\"attachment-sportspress-fit-icon size-sportspress-fit-icon wp-post-image lazyload\" alt=\"\" \/><\/noscript><\/span>\t\t\t\t\t\t\t<time class=\"sp-event-date\" datetime=\"2025-11-29 10:53:58\" itemprop=\"startDate\" content=\"2025-11-29T10:53:58+01:00\">\n\t\t\t\t\t\t\t\t<a href=\"http:\/\/greenwood-cup.keskenet.de\/?sp_event=rb-leipzig-gemaa-tempelsee-offenbach-2\">29. November 2025<\/a>\t\t\t\t\t\t\t<\/time>\n\t\t\t\t\t\t\t\t\t\t\t\t\t\t<h5 class=\"sp-event-results\">\n\t\t\t\t\t\t\t\t<a href=\"http:\/\/greenwood-cup.keskenet.de\/?sp_event=rb-leipzig-gemaa-tempelsee-offenbach-2\"><span class=\"sp-result ok\">10:53<\/span><\/a>\t\t\t\t\t\t\t<\/h5>\n\t\t\t\t\t\t\t\t\t\t\t\t\t\t\t<div class=\"sp-event-league\">Greenwood-Cup 2025<\/div>\n\t\t\t\t\t\t\t\t\t\t\t\t\t\t\t\t\t\t\t\t\t\t\t\t\t\t\t\t\t\t<div class=\"sp-event-season\">2025 &#8211; Vorrunde Elektrotechnik Thomas Abb Gruppe<\/div>\n\t\t\t\t\t\t\t\t\t\t\t\t\t\t\t\t\t\t\t\t\t\t\t\t\t\t\t\t\t\t\t\t\t\t\t\t\t<div style=\"display:none;\" class=\"sp-event-venue\" itemprop=\"location\" itemscope itemtype=\"http:\/\/schema.org\/Place\"><div itemprop=\"address\" itemscope itemtype=\"http:\/\/schema.org\/PostalAddress\">n.\u00a0a.<\/div><\/div>\n\t\t\t\t\t\t\t\t\t\t\t\t\t\t<h4 class=\"sp-event-title\" itemprop=\"name\">\n\t\t\t\t\t\t\t\t<a href=\"http:\/\/greenwood-cup.keskenet.de\/?sp_event=rb-leipzig-gemaa-tempelsee-offenbach-2\">RB Leipzig \u2014 Gemaa Tempelsee-Offenbach<\/a>\t\t\t\t\t\t\t<\/h4>\n\t\t\t\t\t\t\t\n\t\t\t\t\t\t<\/td>\n\t\t\t\t\t<\/tr>\n\t\t\t\t\t\t\t\t\t\t<tr class=\"sp-row sp-post\" itemscope itemtype=\"http:\/\/schema.org\/SportsEvent\">\n\t\t\t\t\t\t<td>\n\t\t\t\t\t\t\t\t\t\t\t\t\t\t<span class=\"team-logo logo-odd\" title=\"SV Alemannia K\u00f6nigst\u00e4dten\"><img loading=\"lazy\" decoding=\"async\" width=\"128\" height=\"128\" src=\"data:image\/gif;base64,R0lGODlhAQABAIAAAAAAAP\/\/\/yH5BAEAAAAALAAAAAABAAEAAAIBRAA7\" data-src=\"http:\/\/greenwood-cup.keskenet.de\/wp-content\/uploads\/2025\/10\/SV-Koenigsstaedten_200x200-128x128.png\" class=\"attachment-sportspress-fit-icon size-sportspress-fit-icon wp-post-image lazyload\" alt=\"\" \/><noscript><img loading=\"lazy\" decoding=\"async\" width=\"128\" height=\"128\" src=\"http:\/\/greenwood-cup.keskenet.de\/wp-content\/uploads\/2025\/10\/SV-Koenigsstaedten_200x200-128x128.png\" class=\"attachment-sportspress-fit-icon size-sportspress-fit-icon wp-post-image lazyload\" alt=\"\" \/><\/noscript><\/span> <span class=\"team-logo logo-even\" title=\"Gemaa Tempelsee-Offenbach\"><img loading=\"lazy\" decoding=\"async\" width=\"128\" height=\"128\" src=\"data:image\/gif;base64,R0lGODlhAQABAIAAAAAAAP\/\/\/yH5BAEAAAAALAAAAAABAAEAAAIBRAA7\" data-src=\"http:\/\/greenwood-cup.keskenet.de\/wp-content\/uploads\/2018\/11\/Germania-Tempelsee-offenbach-128x128.png\" class=\"attachment-sportspress-fit-icon size-sportspress-fit-icon wp-post-image lazyload\" alt=\"\" \/><noscript><img loading=\"lazy\" decoding=\"async\" width=\"128\" height=\"128\" src=\"http:\/\/greenwood-cup.keskenet.de\/wp-content\/uploads\/2018\/11\/Germania-Tempelsee-offenbach-128x128.png\" class=\"attachment-sportspress-fit-icon size-sportspress-fit-icon wp-post-image lazyload\" alt=\"\" \/><\/noscript><\/span>\t\t\t\t\t\t\t<time class=\"sp-event-date\" datetime=\"2025-11-29 12:43:31\" itemprop=\"startDate\" content=\"2025-11-29T12:43:31+01:00\">\n\t\t\t\t\t\t\t\t<a href=\"http:\/\/greenwood-cup.keskenet.de\/?sp_event=sv-alemannia-koenigstaedten-gemaa-tempelsee-offenbach\">29. November 2025<\/a>\t\t\t\t\t\t\t<\/time>\n\t\t\t\t\t\t\t\t\t\t\t\t\t\t<h5 class=\"sp-event-results\">\n\t\t\t\t\t\t\t\t<a href=\"http:\/\/greenwood-cup.keskenet.de\/?sp_event=sv-alemannia-koenigstaedten-gemaa-tempelsee-offenbach\"><span class=\"sp-result ok\">12:43<\/span><\/a>\t\t\t\t\t\t\t<\/h5>\n\t\t\t\t\t\t\t\t\t\t\t\t\t\t\t<div class=\"sp-event-league\">Greenwood-Cup 2025<\/div>\n\t\t\t\t\t\t\t\t\t\t\t\t\t\t\t\t\t\t\t\t\t\t\t\t\t\t\t\t\t\t<div class=\"sp-event-season\">2025 &#8211; Vorrunde Elektrotechnik Thomas Abb Gruppe<\/div>\n\t\t\t\t\t\t\t\t\t\t\t\t\t\t\t\t\t\t\t\t\t\t\t\t\t\t\t\t\t\t\t\t\t\t\t\t\t<div style=\"display:none;\" class=\"sp-event-venue\" itemprop=\"location\" itemscope itemtype=\"http:\/\/schema.org\/Place\"><div itemprop=\"address\" itemscope itemtype=\"http:\/\/schema.org\/PostalAddress\">n.\u00a0a.<\/div><\/div>\n\t\t\t\t\t\t\t\t\t\t\t\t\t\t<h4 class=\"sp-event-title\" itemprop=\"name\">\n\t\t\t\t\t\t\t\t<a href=\"http:\/\/greenwood-cup.keskenet.de\/?sp_event=sv-alemannia-koenigstaedten-gemaa-tempelsee-offenbach\">SV Alemannia K\u00f6nigst\u00e4dten \u2014 Gemaa Tempelsee-Offenbach<\/a>\t\t\t\t\t\t\t<\/h4>\n\t\t\t\t\t\t\t\n\t\t\t\t\t\t<\/td>\n\t\t\t\t\t<\/tr>\n\t\t\t\t\t\t\t\t\t\t<tr class=\"sp-row sp-post alternate\" itemscope itemtype=\"http:\/\/schema.org\/SportsEvent\">\n\t\t\t\t\t\t<td>\n\t\t\t\t\t\t\t\t\t\t\t\t\t\t<span class=\"team-logo logo-odd\" title=\"Gemaa Tempelsee-Offenbach\"><img loading=\"lazy\" decoding=\"async\" width=\"128\" height=\"128\" src=\"data:image\/gif;base64,R0lGODlhAQABAIAAAAAAAP\/\/\/yH5BAEAAAAALAAAAAABAAEAAAIBRAA7\" data-src=\"http:\/\/greenwood-cup.keskenet.de\/wp-content\/uploads\/2018\/11\/Germania-Tempelsee-offenbach-128x128.png\" class=\"attachment-sportspress-fit-icon size-sportspress-fit-icon wp-post-image lazyload\" alt=\"\" \/><noscript><img loading=\"lazy\" decoding=\"async\" width=\"128\" height=\"128\" src=\"http:\/\/greenwood-cup.keskenet.de\/wp-content\/uploads\/2018\/11\/Germania-Tempelsee-offenbach-128x128.png\" class=\"attachment-sportspress-fit-icon size-sportspress-fit-icon wp-post-image lazyload\" alt=\"\" \/><\/noscript><\/span> <span class=\"team-logo logo-even\" title=\"(SG) SV Viktoria Waldaschaff\"><img loading=\"lazy\" decoding=\"async\" width=\"108\" height=\"128\" src=\"data:image\/gif;base64,R0lGODlhAQABAIAAAAAAAP\/\/\/yH5BAEAAAAALAAAAAABAAEAAAIBRAA7\" data-src=\"http:\/\/greenwood-cup.keskenet.de\/wp-content\/uploads\/2023\/10\/SG-Waldaschaff-Logo-e1761307194870.png\" class=\"attachment-sportspress-fit-icon size-sportspress-fit-icon wp-post-image lazyload\" alt=\"\" \/><noscript><img loading=\"lazy\" decoding=\"async\" width=\"108\" height=\"128\" src=\"http:\/\/greenwood-cup.keskenet.de\/wp-content\/uploads\/2023\/10\/SG-Waldaschaff-Logo-e1761307194870.png\" class=\"attachment-sportspress-fit-icon size-sportspress-fit-icon wp-post-image lazyload\" alt=\"\" \/><\/noscript><\/span>\t\t\t\t\t\t\t<time class=\"sp-event-date\" datetime=\"2025-11-29 13:49:27\" itemprop=\"startDate\" content=\"2025-11-29T13:49:27+01:00\">\n\t\t\t\t\t\t\t\t<a href=\"http:\/\/greenwood-cup.keskenet.de\/?sp_event=gemaa-tempelsee-offenbach-sg-sv-viktoria-waldaschaff\">29. November 2025<\/a>\t\t\t\t\t\t\t<\/time>\n\t\t\t\t\t\t\t\t\t\t\t\t\t\t<h5 class=\"sp-event-results\">\n\t\t\t\t\t\t\t\t<a href=\"http:\/\/greenwood-cup.keskenet.de\/?sp_event=gemaa-tempelsee-offenbach-sg-sv-viktoria-waldaschaff\"><span class=\"sp-result ok\">13:49<\/span><\/a>\t\t\t\t\t\t\t<\/h5>\n\t\t\t\t\t\t\t\t\t\t\t\t\t\t\t<div class=\"sp-event-league\">Greenwood-Cup 2025<\/div>\n\t\t\t\t\t\t\t\t\t\t\t\t\t\t\t\t\t\t\t\t\t\t\t\t\t\t\t\t\t\t<div class=\"sp-event-season\">2025 &#8211; Vorrunde Elektrotechnik Thomas Abb Gruppe<\/div>\n\t\t\t\t\t\t\t\t\t\t\t\t\t\t\t\t\t\t\t\t\t\t\t\t\t\t\t\t\t\t\t\t\t\t\t\t\t<div style=\"display:none;\" class=\"sp-event-venue\" itemprop=\"location\" itemscope itemtype=\"http:\/\/schema.org\/Place\"><div itemprop=\"address\" itemscope itemtype=\"http:\/\/schema.org\/PostalAddress\">n.\u00a0a.<\/div><\/div>\n\t\t\t\t\t\t\t\t\t\t\t\t\t\t<h4 class=\"sp-event-title\" itemprop=\"name\">\n\t\t\t\t\t\t\t\t<a href=\"http:\/\/greenwood-cup.keskenet.de\/?sp_event=gemaa-tempelsee-offenbach-sg-sv-viktoria-waldaschaff\">Gemaa Tempelsee-Offenbach \u2014 (SG) SV Viktoria Waldaschaff<\/a>\t\t\t\t\t\t\t<\/h4>\n\t\t\t\t\t\t\t\n\t\t\t\t\t\t<\/td>\n\t\t\t\t\t<\/tr>\n\t\t\t\t\t\t\t\t<\/tbody>\n\t\t<\/table>\n\t<\/div>\n\t<div class=\"sp-calendar-link sp-view-all-link\"><a href=\"http:\/\/greenwood-cup.keskenet.de\/?sp_calendar=greenwood-cup-2025\">Alle Spiele sehen<\/a><\/div><\/div>\n<\/div><\/p>\t\t\t\t\t\t\t\t<\/div>\n\t\t\t\t<\/div>\n\t\t\t\t\t<\/div>\n\t\t<\/div>\n\t\t\t\t\t<\/div>\n\t\t<\/section>\n\t\t\t\t<\/div>\n\t\t","protected":false},"excerpt":{"rendered":"<p>Hintere Reihe v. links Trainer Moritz Specht, Mohammed Anaiba, Benno Rothenb\u00fccher, Enno Visciani, Yosef Naseri, \u00d6mer T\u00fcrkyilmaz, Dimitrios Ntostas, Edris Ahmadi, Trainer Niko Ntostas Vordere Reihe v. links Baran Demir, Lian Wenzel, Tom Zins, Luka Cikojevic,Bogdan Birsanu, Decio Franke, Dimitris Bozidis Auf dem Bild fehlt Alexander Todorov<\/p>\n","protected":false},"author":2,"featured_media":3055,"parent":8662,"menu_order":9,"comment_status":"closed","ping_status":"closed","template":"","meta":{"footnotes":""},"class_list":["post-11111","page","type-page","status-publish","has-post-thumbnail","hentry"],"_links":{"self":[{"href":"http:\/\/greenwood-cup.keskenet.de\/index.php?rest_route=\/wp\/v2\/pages\/11111","targetHints":{"allow":["GET"]}}],"collection":[{"href":"http:\/\/greenwood-cup.keskenet.de\/index.php?rest_route=\/wp\/v2\/pages"}],"about":[{"href":"http:\/\/greenwood-cup.keskenet.de\/index.php?rest_route=\/wp\/v2\/types\/page"}],"author":[{"embeddable":true,"href":"http:\/\/greenwood-cup.keskenet.de\/index.php?rest_route=\/wp\/v2\/users\/2"}],"replies":[{"embeddable":true,"href":"http:\/\/greenwood-cup.keskenet.de\/index.php?rest_route=%2Fwp%2Fv2%2Fcomments&post=11111"}],"version-history":[{"count":21,"href":"http:\/\/greenwood-cup.keskenet.de\/index.php?rest_route=\/wp\/v2\/pages\/11111\/revisions"}],"predecessor-version":[{"id":11450,"href":"http:\/\/greenwood-cup.keskenet.de\/index.php?rest_route=\/wp\/v2\/pages\/11111\/revisions\/11450"}],"up":[{"embeddable":true,"href":"http:\/\/greenwood-cup.keskenet.de\/index.php?rest_route=\/wp\/v2\/pages\/8662"}],"wp:featuredmedia":[{"embeddable":true,"href":"http:\/\/greenwood-cup.keskenet.de\/index.php?rest_route=\/wp\/v2\/media\/3055"}],"wp:attachment":[{"href":"http:\/\/greenwood-cup.keskenet.de\/index.php?rest_route=%2Fwp%2Fv2%2Fmedia&parent=11111"}],"curies":[{"name":"wp","href":"https:\/\/api.w.org\/{rel}","templated":true}]}}