{"id":4944,"date":"2022-10-14T20:09:37","date_gmt":"2022-10-14T18:09:37","guid":{"rendered":"http:\/\/greenwood-cup.keskenet.de\/?page_id=4944"},"modified":"2023-11-05T22:10:59","modified_gmt":"2023-11-05T21:10:59","slug":"nebenfakten","status":"publish","type":"page","link":"http:\/\/greenwood-cup.keskenet.de\/?page_id=4944","title":{"rendered":"Rund um das Turnier !"},"content":{"rendered":"\t\t<div data-elementor-type=\"wp-page\" data-elementor-id=\"4944\" class=\"elementor elementor-4944\">\n\t\t\t\t\t\t<section class=\"elementor-section elementor-top-section elementor-element elementor-element-9a9aeff elementor-section-boxed elementor-section-height-default elementor-section-height-default\" data-id=\"9a9aeff\" data-element_type=\"section\" data-e-type=\"section\">\n\t\t\t\t\t\t<div class=\"elementor-container elementor-column-gap-default\">\n\t\t\t\t\t<div class=\"elementor-column elementor-col-100 elementor-top-column elementor-element elementor-element-ef43bdf\" data-id=\"ef43bdf\" data-element_type=\"column\" data-e-type=\"column\">\n\t\t\t<div class=\"elementor-widget-wrap elementor-element-populated\">\n\t\t\t\t\t\t<div class=\"elementor-element elementor-element-1e4474c elementor-widget elementor-widget-heading\" data-id=\"1e4474c\" data-element_type=\"widget\" data-e-type=\"widget\" data-widget_type=\"heading.default\">\n\t\t\t\t<div class=\"elementor-widget-container\">\n\t\t\t\t\t<h2 class=\"elementor-heading-title elementor-size-default\">Was Sie wissen sollten oder wollten:<\/h2>\t\t\t\t<\/div>\n\t\t\t\t<\/div>\n\t\t\t\t\t<\/div>\n\t\t<\/div>\n\t\t\t\t\t<\/div>\n\t\t<\/section>\n\t\t\t\t<section class=\"elementor-section elementor-top-section elementor-element elementor-element-05fca43 elementor-section-boxed elementor-section-height-default elementor-section-height-default\" data-id=\"05fca43\" data-element_type=\"section\" data-e-type=\"section\">\n\t\t\t\t\t\t<div class=\"elementor-container elementor-column-gap-default\">\n\t\t\t\t\t<div class=\"elementor-column elementor-col-100 elementor-top-column elementor-element elementor-element-001dc60\" data-id=\"001dc60\" data-element_type=\"column\" data-e-type=\"column\">\n\t\t\t<div class=\"elementor-widget-wrap elementor-element-populated\">\n\t\t\t\t\t\t<section class=\"elementor-section elementor-inner-section elementor-element elementor-element-0c4c59f elementor-section-boxed elementor-section-height-default elementor-section-height-default\" data-id=\"0c4c59f\" data-element_type=\"section\" data-e-type=\"section\">\n\t\t\t\t\t\t<div class=\"elementor-container elementor-column-gap-default\">\n\t\t\t\t\t<div class=\"elementor-column elementor-col-33 elementor-inner-column elementor-element elementor-element-21c33bb\" data-id=\"21c33bb\" data-element_type=\"column\" data-e-type=\"column\">\n\t\t\t<div class=\"elementor-widget-wrap elementor-element-populated\">\n\t\t\t\t\t\t<div class=\"elementor-element elementor-element-05837e1 elementor-widget elementor-widget-image\" data-id=\"05837e1\" data-element_type=\"widget\" data-e-type=\"widget\" data-widget_type=\"image.default\">\n\t\t\t\t<div class=\"elementor-widget-container\">\n\t\t\t\t\t\t\t\t\t\t\t\t<figure class=\"wp-caption\">\n\t\t\t\t\t\t\t\t\t\t\t<a href=\"http:\/\/greenwood-cup.keskenet.de\/?page_id=5017\">\n\t\t\t\t\t\t\t<img decoding=\"async\" width=\"300\" height=\"71\" src=\"data:image\/gif;base64,R0lGODlhAQABAIAAAAAAAP\/\/\/yH5BAEAAAAALAAAAAABAAEAAAIBRAA7\" data-src=\"http:\/\/greenwood-cup.keskenet.de\/wp-content\/uploads\/2022\/10\/Wegweiser-Kuspo-Hoesbach-300x71.png\" class=\"attachment-medium size-medium wp-image-4967 lazyload\" alt=\"\" data-srcset=\"http:\/\/greenwood-cup.keskenet.de\/wp-content\/uploads\/2022\/10\/Wegweiser-Kuspo-Hoesbach-300x71.png 300w, http:\/\/greenwood-cup.keskenet.de\/wp-content\/uploads\/2022\/10\/Wegweiser-Kuspo-Hoesbach-128x30.png 128w, http:\/\/greenwood-cup.keskenet.de\/wp-content\/uploads\/2022\/10\/Wegweiser-Kuspo-Hoesbach-32x8.png 32w, http:\/\/greenwood-cup.keskenet.de\/wp-content\/uploads\/2022\/10\/Wegweiser-Kuspo-Hoesbach-520x123.png 520w, http:\/\/greenwood-cup.keskenet.de\/wp-content\/uploads\/2022\/10\/Wegweiser-Kuspo-Hoesbach-740x175.png 740w, http:\/\/greenwood-cup.keskenet.de\/wp-content\/uploads\/2022\/10\/Wegweiser-Kuspo-Hoesbach.png 760w\" sizes=\"(max-width: 300px) 100vw, 300px\" \/><noscript><img decoding=\"async\" width=\"300\" height=\"71\" src=\"http:\/\/greenwood-cup.keskenet.de\/wp-content\/uploads\/2022\/10\/Wegweiser-Kuspo-Hoesbach-300x71.png\" class=\"attachment-medium size-medium wp-image-4967 lazyload\" alt=\"\" srcset=\"http:\/\/greenwood-cup.keskenet.de\/wp-content\/uploads\/2022\/10\/Wegweiser-Kuspo-Hoesbach-300x71.png 300w, http:\/\/greenwood-cup.keskenet.de\/wp-content\/uploads\/2022\/10\/Wegweiser-Kuspo-Hoesbach-128x30.png 128w, http:\/\/greenwood-cup.keskenet.de\/wp-content\/uploads\/2022\/10\/Wegweiser-Kuspo-Hoesbach-32x8.png 32w, http:\/\/greenwood-cup.keskenet.de\/wp-content\/uploads\/2022\/10\/Wegweiser-Kuspo-Hoesbach-520x123.png 520w, http:\/\/greenwood-cup.keskenet.de\/wp-content\/uploads\/2022\/10\/Wegweiser-Kuspo-Hoesbach-740x175.png 740w, http:\/\/greenwood-cup.keskenet.de\/wp-content\/uploads\/2022\/10\/Wegweiser-Kuspo-Hoesbach.png 760w\" sizes=\"(max-width: 300px) 100vw, 300px\" \/><\/noscript>\t\t\t\t\t\t\t\t<\/a>\n\t\t\t\t\t\t\t\t\t\t\t<figcaption class=\"widget-image-caption wp-caption-text\">Wie finde ich den Kultur- und Sportpark in H\u00f6sbach?<\/figcaption>\n\t\t\t\t\t\t\t\t\t\t<\/figure>\n\t\t\t\t\t\t\t\t\t<\/div>\n\t\t\t\t<\/div>\n\t\t\t\t\t<\/div>\n\t\t<\/div>\n\t\t\t\t<div class=\"elementor-column elementor-col-33 elementor-inner-column elementor-element elementor-element-2734ff1\" data-id=\"2734ff1\" data-element_type=\"column\" data-e-type=\"column\">\n\t\t\t<div class=\"elementor-widget-wrap elementor-element-populated\">\n\t\t\t\t\t\t<div class=\"elementor-element elementor-element-213c2e1 elementor-widget elementor-widget-image\" data-id=\"213c2e1\" data-element_type=\"widget\" data-e-type=\"widget\" data-widget_type=\"image.default\">\n\t\t\t\t<div class=\"elementor-widget-container\">\n\t\t\t\t\t\t\t\t\t\t\t\t<figure class=\"wp-caption\">\n\t\t\t\t\t\t\t\t\t\t\t<a href=\"http:\/\/greenwood-cup.keskenet.de\/?page_id=5491\">\n\t\t\t\t\t\t\t<img decoding=\"async\" width=\"200\" height=\"130\" src=\"data:image\/gif;base64,R0lGODlhAQABAIAAAAAAAP\/\/\/yH5BAEAAAAALAAAAAABAAEAAAIBRAA7\" data-src=\"http:\/\/greenwood-cup.keskenet.de\/wp-content\/uploads\/2022\/10\/Parken_Schild-e1667206984882.png\" class=\"attachment-medium_large size-medium_large wp-image-5476 lazyload\" alt=\"\" data-srcset=\"http:\/\/greenwood-cup.keskenet.de\/wp-content\/uploads\/2022\/10\/Parken_Schild-e1667206984882.png 200w, http:\/\/greenwood-cup.keskenet.de\/wp-content\/uploads\/2022\/10\/Parken_Schild-e1667206984882-128x83.png 128w, http:\/\/greenwood-cup.keskenet.de\/wp-content\/uploads\/2022\/10\/Parken_Schild-e1667206984882-32x21.png 32w\" sizes=\"(max-width: 200px) 100vw, 200px\" \/><noscript><img loading=\"lazy\" decoding=\"async\" width=\"200\" height=\"130\" src=\"http:\/\/greenwood-cup.keskenet.de\/wp-content\/uploads\/2022\/10\/Parken_Schild-e1667206984882.png\" class=\"attachment-medium_large size-medium_large wp-image-5476 lazyload\" alt=\"\" srcset=\"http:\/\/greenwood-cup.keskenet.de\/wp-content\/uploads\/2022\/10\/Parken_Schild-e1667206984882.png 200w, http:\/\/greenwood-cup.keskenet.de\/wp-content\/uploads\/2022\/10\/Parken_Schild-e1667206984882-128x83.png 128w, http:\/\/greenwood-cup.keskenet.de\/wp-content\/uploads\/2022\/10\/Parken_Schild-e1667206984882-32x21.png 32w\" sizes=\"(max-width: 200px) 100vw, 200px\" \/><\/noscript>\t\t\t\t\t\t\t\t<\/a>\n\t\t\t\t\t\t\t\t\t\t\t<figcaption class=\"widget-image-caption wp-caption-text\">Parkpl\u00e4tze in der N\u00e4he vom Kultur- und Sportpark, H\u00f6sbach<\/figcaption>\n\t\t\t\t\t\t\t\t\t\t<\/figure>\n\t\t\t\t\t\t\t\t\t<\/div>\n\t\t\t\t<\/div>\n\t\t\t\t\t<\/div>\n\t\t<\/div>\n\t\t\t\t<div class=\"elementor-column elementor-col-33 elementor-inner-column elementor-element elementor-element-89c0834\" data-id=\"89c0834\" data-element_type=\"column\" data-e-type=\"column\">\n\t\t\t<div class=\"elementor-widget-wrap elementor-element-populated\">\n\t\t\t\t\t\t<div class=\"elementor-element elementor-element-eac005d elementor-widget elementor-widget-image\" data-id=\"eac005d\" data-element_type=\"widget\" data-e-type=\"widget\" data-widget_type=\"image.default\">\n\t\t\t\t<div class=\"elementor-widget-container\">\n\t\t\t\t\t\t\t\t\t\t\t\t<figure class=\"wp-caption\">\n\t\t\t\t\t\t\t\t\t\t\t<a href=\"http:\/\/greenwood-cup.keskenet.de\/?page_id=5040\">\n\t\t\t\t\t\t\t<img loading=\"lazy\" decoding=\"async\" width=\"300\" height=\"90\" src=\"data:image\/gif;base64,R0lGODlhAQABAIAAAAAAAP\/\/\/yH5BAEAAAAALAAAAAABAAEAAAIBRAA7\" data-src=\"http:\/\/greenwood-cup.keskenet.de\/wp-content\/uploads\/2022\/10\/Wegweiser-Hotels-300x90.png\" class=\"attachment-medium size-medium wp-image-5013 lazyload\" alt=\"\" data-srcset=\"http:\/\/greenwood-cup.keskenet.de\/wp-content\/uploads\/2022\/10\/Wegweiser-Hotels-300x90.png 300w, http:\/\/greenwood-cup.keskenet.de\/wp-content\/uploads\/2022\/10\/Wegweiser-Hotels-768x229.png 768w, http:\/\/greenwood-cup.keskenet.de\/wp-content\/uploads\/2022\/10\/Wegweiser-Hotels-128x38.png 128w, http:\/\/greenwood-cup.keskenet.de\/wp-content\/uploads\/2022\/10\/Wegweiser-Hotels-32x10.png 32w, http:\/\/greenwood-cup.keskenet.de\/wp-content\/uploads\/2022\/10\/Wegweiser-Hotels-520x155.png 520w, http:\/\/greenwood-cup.keskenet.de\/wp-content\/uploads\/2022\/10\/Wegweiser-Hotels-740x221.png 740w, http:\/\/greenwood-cup.keskenet.de\/wp-content\/uploads\/2022\/10\/Wegweiser-Hotels.png 801w\" sizes=\"(max-width: 300px) 100vw, 300px\" \/><noscript><img loading=\"lazy\" decoding=\"async\" width=\"300\" height=\"90\" src=\"http:\/\/greenwood-cup.keskenet.de\/wp-content\/uploads\/2022\/10\/Wegweiser-Hotels-300x90.png\" class=\"attachment-medium size-medium wp-image-5013 lazyload\" alt=\"\" srcset=\"http:\/\/greenwood-cup.keskenet.de\/wp-content\/uploads\/2022\/10\/Wegweiser-Hotels-300x90.png 300w, http:\/\/greenwood-cup.keskenet.de\/wp-content\/uploads\/2022\/10\/Wegweiser-Hotels-768x229.png 768w, http:\/\/greenwood-cup.keskenet.de\/wp-content\/uploads\/2022\/10\/Wegweiser-Hotels-128x38.png 128w, http:\/\/greenwood-cup.keskenet.de\/wp-content\/uploads\/2022\/10\/Wegweiser-Hotels-32x10.png 32w, http:\/\/greenwood-cup.keskenet.de\/wp-content\/uploads\/2022\/10\/Wegweiser-Hotels-520x155.png 520w, http:\/\/greenwood-cup.keskenet.de\/wp-content\/uploads\/2022\/10\/Wegweiser-Hotels-740x221.png 740w, http:\/\/greenwood-cup.keskenet.de\/wp-content\/uploads\/2022\/10\/Wegweiser-Hotels.png 801w\" sizes=\"(max-width: 300px) 100vw, 300px\" \/><\/noscript>\t\t\t\t\t\t\t\t<\/a>\n\t\t\t\t\t\t\t\t\t\t\t<figcaption class=\"widget-image-caption wp-caption-text\">Wo kann ich als Begleitperson \u00fcbernachten?<\/figcaption>\n\t\t\t\t\t\t\t\t\t\t<\/figure>\n\t\t\t\t\t\t\t\t\t<\/div>\n\t\t\t\t<\/div>\n\t\t\t\t\t<\/div>\n\t\t<\/div>\n\t\t\t\t\t<\/div>\n\t\t<\/section>\n\t\t\t\t\t<\/div>\n\t\t<\/div>\n\t\t\t\t\t<\/div>\n\t\t<\/section>\n\t\t\t\t<section class=\"elementor-section elementor-top-section elementor-element elementor-element-a74f771 elementor-section-boxed elementor-section-height-default elementor-section-height-default\" data-id=\"a74f771\" data-element_type=\"section\" data-e-type=\"section\">\n\t\t\t\t\t\t<div class=\"elementor-container elementor-column-gap-default\">\n\t\t\t\t\t<div class=\"elementor-column elementor-col-100 elementor-top-column elementor-element elementor-element-22bb620\" data-id=\"22bb620\" data-element_type=\"column\" data-e-type=\"column\">\n\t\t\t<div class=\"elementor-widget-wrap elementor-element-populated\">\n\t\t\t\t\t\t<section class=\"elementor-section elementor-inner-section elementor-element elementor-element-8d0e0a6 elementor-section-boxed elementor-section-height-default elementor-section-height-default\" data-id=\"8d0e0a6\" data-element_type=\"section\" data-e-type=\"section\">\n\t\t\t\t\t\t<div class=\"elementor-container elementor-column-gap-default\">\n\t\t\t\t\t<div class=\"elementor-column elementor-col-33 elementor-inner-column elementor-element elementor-element-05af7c2\" data-id=\"05af7c2\" data-element_type=\"column\" data-e-type=\"column\">\n\t\t\t<div class=\"elementor-widget-wrap elementor-element-populated\">\n\t\t\t\t\t\t<div class=\"elementor-element elementor-element-4ab4ee7 elementor-widget elementor-widget-image\" data-id=\"4ab4ee7\" data-element_type=\"widget\" data-e-type=\"widget\" data-widget_type=\"image.default\">\n\t\t\t\t<div class=\"elementor-widget-container\">\n\t\t\t\t\t\t\t\t\t\t\t\t<figure class=\"wp-caption\">\n\t\t\t\t\t\t\t\t\t\t\t<a href=\"http:\/\/greenwood-cup.keskenet.de\/?page_id=5157\">\n\t\t\t\t\t\t\t<img loading=\"lazy\" decoding=\"async\" width=\"300\" height=\"71\" src=\"data:image\/gif;base64,R0lGODlhAQABAIAAAAAAAP\/\/\/yH5BAEAAAAALAAAAAABAAEAAAIBRAA7\" data-src=\"http:\/\/greenwood-cup.keskenet.de\/wp-content\/uploads\/2022\/10\/Wegweiser-Sportheim-300x71.png\" class=\"attachment-medium size-medium wp-image-4987 lazyload\" alt=\"\" data-srcset=\"http:\/\/greenwood-cup.keskenet.de\/wp-content\/uploads\/2022\/10\/Wegweiser-Sportheim-300x71.png 300w, http:\/\/greenwood-cup.keskenet.de\/wp-content\/uploads\/2022\/10\/Wegweiser-Sportheim-128x30.png 128w, http:\/\/greenwood-cup.keskenet.de\/wp-content\/uploads\/2022\/10\/Wegweiser-Sportheim-32x8.png 32w, http:\/\/greenwood-cup.keskenet.de\/wp-content\/uploads\/2022\/10\/Wegweiser-Sportheim-520x123.png 520w, http:\/\/greenwood-cup.keskenet.de\/wp-content\/uploads\/2022\/10\/Wegweiser-Sportheim-740x175.png 740w, http:\/\/greenwood-cup.keskenet.de\/wp-content\/uploads\/2022\/10\/Wegweiser-Sportheim.png 759w\" sizes=\"(max-width: 300px) 100vw, 300px\" \/><noscript><img loading=\"lazy\" decoding=\"async\" width=\"300\" height=\"71\" src=\"http:\/\/greenwood-cup.keskenet.de\/wp-content\/uploads\/2022\/10\/Wegweiser-Sportheim-300x71.png\" class=\"attachment-medium size-medium wp-image-4987 lazyload\" alt=\"\" srcset=\"http:\/\/greenwood-cup.keskenet.de\/wp-content\/uploads\/2022\/10\/Wegweiser-Sportheim-300x71.png 300w, http:\/\/greenwood-cup.keskenet.de\/wp-content\/uploads\/2022\/10\/Wegweiser-Sportheim-128x30.png 128w, http:\/\/greenwood-cup.keskenet.de\/wp-content\/uploads\/2022\/10\/Wegweiser-Sportheim-32x8.png 32w, http:\/\/greenwood-cup.keskenet.de\/wp-content\/uploads\/2022\/10\/Wegweiser-Sportheim-520x123.png 520w, http:\/\/greenwood-cup.keskenet.de\/wp-content\/uploads\/2022\/10\/Wegweiser-Sportheim-740x175.png 740w, http:\/\/greenwood-cup.keskenet.de\/wp-content\/uploads\/2022\/10\/Wegweiser-Sportheim.png 759w\" sizes=\"(max-width: 300px) 100vw, 300px\" \/><\/noscript>\t\t\t\t\t\t\t\t<\/a>\n\t\t\t\t\t\t\t\t\t\t\t<figcaption class=\"widget-image-caption wp-caption-text\">Wie finde ich das Sportheim der SpVgg H\u00f6sbach-Bahnhof?<\/figcaption>\n\t\t\t\t\t\t\t\t\t\t<\/figure>\n\t\t\t\t\t\t\t\t\t<\/div>\n\t\t\t\t<\/div>\n\t\t\t\t\t<\/div>\n\t\t<\/div>\n\t\t\t\t<div class=\"elementor-column elementor-col-33 elementor-inner-column elementor-element elementor-element-fe47537\" data-id=\"fe47537\" data-element_type=\"column\" data-e-type=\"column\">\n\t\t\t<div class=\"elementor-widget-wrap elementor-element-populated\">\n\t\t\t\t\t\t<div class=\"elementor-element elementor-element-4a14a99 elementor-widget elementor-widget-image\" data-id=\"4a14a99\" data-element_type=\"widget\" data-e-type=\"widget\" data-widget_type=\"image.default\">\n\t\t\t\t<div class=\"elementor-widget-container\">\n\t\t\t\t\t\t\t\t\t\t\t\t<figure class=\"wp-caption\">\n\t\t\t\t\t\t\t\t\t\t\t<a href=\"http:\/\/greenwood-cup.keskenet.de\/?page_id=5732\">\n\t\t\t\t\t\t\t<img loading=\"lazy\" decoding=\"async\" width=\"300\" height=\"121\" src=\"data:image\/gif;base64,R0lGODlhAQABAIAAAAAAAP\/\/\/yH5BAEAAAAALAAAAAABAAEAAAIBRAA7\" data-src=\"http:\/\/greenwood-cup.keskenet.de\/wp-content\/uploads\/2023\/11\/Speosen-und-Getraenke-300x121.png\" class=\"attachment-medium size-medium wp-image-6957 lazyload\" alt=\"\" data-srcset=\"http:\/\/greenwood-cup.keskenet.de\/wp-content\/uploads\/2023\/11\/Speosen-und-Getraenke-300x121.png 300w, http:\/\/greenwood-cup.keskenet.de\/wp-content\/uploads\/2023\/11\/Speosen-und-Getraenke-128x51.png 128w, http:\/\/greenwood-cup.keskenet.de\/wp-content\/uploads\/2023\/11\/Speosen-und-Getraenke-32x13.png 32w, http:\/\/greenwood-cup.keskenet.de\/wp-content\/uploads\/2023\/11\/Speosen-und-Getraenke.png 540w\" sizes=\"(max-width: 300px) 100vw, 300px\" \/><noscript><img loading=\"lazy\" decoding=\"async\" width=\"300\" height=\"121\" src=\"http:\/\/greenwood-cup.keskenet.de\/wp-content\/uploads\/2023\/11\/Speosen-und-Getraenke-300x121.png\" class=\"attachment-medium size-medium wp-image-6957 lazyload\" alt=\"\" srcset=\"http:\/\/greenwood-cup.keskenet.de\/wp-content\/uploads\/2023\/11\/Speosen-und-Getraenke-300x121.png 300w, http:\/\/greenwood-cup.keskenet.de\/wp-content\/uploads\/2023\/11\/Speosen-und-Getraenke-128x51.png 128w, http:\/\/greenwood-cup.keskenet.de\/wp-content\/uploads\/2023\/11\/Speosen-und-Getraenke-32x13.png 32w, http:\/\/greenwood-cup.keskenet.de\/wp-content\/uploads\/2023\/11\/Speosen-und-Getraenke.png 540w\" sizes=\"(max-width: 300px) 100vw, 300px\" \/><\/noscript>\t\t\t\t\t\t\t\t<\/a>\n\t\t\t\t\t\t\t\t\t\t\t<figcaption class=\"widget-image-caption wp-caption-text\">Was gibt es denn f\u00fcr das leibliche Wohl?<\/figcaption>\n\t\t\t\t\t\t\t\t\t\t<\/figure>\n\t\t\t\t\t\t\t\t\t<\/div>\n\t\t\t\t<\/div>\n\t\t\t\t\t<\/div>\n\t\t<\/div>\n\t\t\t\t<div class=\"elementor-column elementor-col-33 elementor-inner-column elementor-element elementor-element-3f8e2aa\" data-id=\"3f8e2aa\" data-element_type=\"column\" data-e-type=\"column\">\n\t\t\t<div class=\"elementor-widget-wrap elementor-element-populated\">\n\t\t\t\t\t\t<div class=\"elementor-element elementor-element-2ccd79e elementor-widget elementor-widget-image\" data-id=\"2ccd79e\" data-element_type=\"widget\" data-e-type=\"widget\" data-widget_type=\"image.default\">\n\t\t\t\t<div class=\"elementor-widget-container\">\n\t\t\t\t\t\t\t\t\t\t\t\t<figure class=\"wp-caption\">\n\t\t\t\t\t\t\t\t\t\t\t<a href=\"http:\/\/greenwood-cup.keskenet.de\/?page_id=5448\">\n\t\t\t\t\t\t\t<img loading=\"lazy\" decoding=\"async\" width=\"300\" height=\"150\" src=\"data:image\/gif;base64,R0lGODlhAQABAIAAAAAAAP\/\/\/yH5BAEAAAAALAAAAAABAAEAAAIBRAA7\" data-src=\"http:\/\/greenwood-cup.keskenet.de\/wp-content\/uploads\/2023\/11\/Turnierbestimmungen-300x150.png\" class=\"attachment-medium size-medium wp-image-6864 lazyload\" alt=\"\" data-srcset=\"http:\/\/greenwood-cup.keskenet.de\/wp-content\/uploads\/2023\/11\/Turnierbestimmungen-300x150.png 300w, http:\/\/greenwood-cup.keskenet.de\/wp-content\/uploads\/2023\/11\/Turnierbestimmungen-128x64.png 128w, http:\/\/greenwood-cup.keskenet.de\/wp-content\/uploads\/2023\/11\/Turnierbestimmungen-32x16.png 32w, http:\/\/greenwood-cup.keskenet.de\/wp-content\/uploads\/2023\/11\/Turnierbestimmungen.png 737w\" sizes=\"(max-width: 300px) 100vw, 300px\" \/><noscript><img loading=\"lazy\" decoding=\"async\" width=\"300\" height=\"150\" src=\"http:\/\/greenwood-cup.keskenet.de\/wp-content\/uploads\/2023\/11\/Turnierbestimmungen-300x150.png\" class=\"attachment-medium size-medium wp-image-6864 lazyload\" alt=\"\" srcset=\"http:\/\/greenwood-cup.keskenet.de\/wp-content\/uploads\/2023\/11\/Turnierbestimmungen-300x150.png 300w, http:\/\/greenwood-cup.keskenet.de\/wp-content\/uploads\/2023\/11\/Turnierbestimmungen-128x64.png 128w, http:\/\/greenwood-cup.keskenet.de\/wp-content\/uploads\/2023\/11\/Turnierbestimmungen-32x16.png 32w, http:\/\/greenwood-cup.keskenet.de\/wp-content\/uploads\/2023\/11\/Turnierbestimmungen.png 737w\" sizes=\"(max-width: 300px) 100vw, 300px\" \/><\/noscript>\t\t\t\t\t\t\t\t<\/a>\n\t\t\t\t\t\t\t\t\t\t\t<figcaption class=\"widget-image-caption wp-caption-text\">Nach welchen Regeln wird gespielt? <\/figcaption>\n\t\t\t\t\t\t\t\t\t\t<\/figure>\n\t\t\t\t\t\t\t\t\t<\/div>\n\t\t\t\t<\/div>\n\t\t\t\t\t<\/div>\n\t\t<\/div>\n\t\t\t\t\t<\/div>\n\t\t<\/section>\n\t\t\t\t\t<\/div>\n\t\t<\/div>\n\t\t\t\t\t<\/div>\n\t\t<\/section>\n\t\t\t\t<section class=\"elementor-section elementor-top-section elementor-element elementor-element-d994802 elementor-section-boxed elementor-section-height-default elementor-section-height-default\" data-id=\"d994802\" data-element_type=\"section\" data-e-type=\"section\">\n\t\t\t\t\t\t<div class=\"elementor-container elementor-column-gap-default\">\n\t\t\t\t\t<div class=\"elementor-column elementor-col-100 elementor-top-column elementor-element elementor-element-8bb3a2b\" data-id=\"8bb3a2b\" data-element_type=\"column\" data-e-type=\"column\">\n\t\t\t<div class=\"elementor-widget-wrap elementor-element-populated\">\n\t\t\t\t\t\t<div class=\"elementor-element elementor-element-4a0bfa3 elementor-widget__width-initial elementor-widget elementor-widget-image\" data-id=\"4a0bfa3\" data-element_type=\"widget\" data-e-type=\"widget\" data-widget_type=\"image.default\">\n\t\t\t\t<div class=\"elementor-widget-container\">\n\t\t\t\t\t\t\t\t\t\t\t\t<figure class=\"wp-caption\">\n\t\t\t\t\t\t\t\t\t\t\t<a href=\"http:\/\/greenwood-cup.keskenet.de\/?page_id=6875\">\n\t\t\t\t\t\t\t<img loading=\"lazy\" decoding=\"async\" width=\"300\" height=\"201\" src=\"data:image\/gif;base64,R0lGODlhAQABAIAAAAAAAP\/\/\/yH5BAEAAAAALAAAAAABAAEAAAIBRAA7\" data-src=\"http:\/\/greenwood-cup.keskenet.de\/wp-content\/uploads\/2023\/11\/Restaurants-300x201.png\" class=\"attachment-medium size-medium wp-image-6869 lazyload\" alt=\"\" data-srcset=\"http:\/\/greenwood-cup.keskenet.de\/wp-content\/uploads\/2023\/11\/Restaurants-e1699204928647.png 300w, http:\/\/greenwood-cup.keskenet.de\/wp-content\/uploads\/2023\/11\/Restaurants-768x514.png 768w, http:\/\/greenwood-cup.keskenet.de\/wp-content\/uploads\/2023\/11\/Restaurants-128x86.png 128w, http:\/\/greenwood-cup.keskenet.de\/wp-content\/uploads\/2023\/11\/Restaurants-32x21.png 32w\" sizes=\"(max-width: 300px) 100vw, 300px\" \/><noscript><img loading=\"lazy\" decoding=\"async\" width=\"300\" height=\"201\" src=\"http:\/\/greenwood-cup.keskenet.de\/wp-content\/uploads\/2023\/11\/Restaurants-300x201.png\" class=\"attachment-medium size-medium wp-image-6869 lazyload\" alt=\"\" srcset=\"http:\/\/greenwood-cup.keskenet.de\/wp-content\/uploads\/2023\/11\/Restaurants-e1699204928647.png 300w, http:\/\/greenwood-cup.keskenet.de\/wp-content\/uploads\/2023\/11\/Restaurants-768x514.png 768w, http:\/\/greenwood-cup.keskenet.de\/wp-content\/uploads\/2023\/11\/Restaurants-128x86.png 128w, http:\/\/greenwood-cup.keskenet.de\/wp-content\/uploads\/2023\/11\/Restaurants-32x21.png 32w\" sizes=\"(max-width: 300px) 100vw, 300px\" \/><\/noscript>\t\t\t\t\t\t\t\t<\/a>\n\t\t\t\t\t\t\t\t\t\t\t<figcaption class=\"widget-image-caption wp-caption-text\">Restaurants in der N\u00e4he!<\/figcaption>\n\t\t\t\t\t\t\t\t\t\t<\/figure>\n\t\t\t\t\t\t\t\t\t<\/div>\n\t\t\t\t<\/div>\n\t\t\t\t\t<\/div>\n\t\t<\/div>\n\t\t\t\t\t<\/div>\n\t\t<\/section>\n\t\t\t\t<\/div>\n\t\t","protected":false},"excerpt":{"rendered":"<p>Was Sie wissen sollten oder wollten: Wie finde ich den Kultur- und Sportpark in H\u00f6sbach? Parkpl\u00e4tze in der N\u00e4he vom Kultur- und Sportpark, H\u00f6sbach Wo kann ich als Begleitperson \u00fcbernachten? Wie finde ich das Sportheim der SpVgg H\u00f6sbach-Bahnhof? Was gibt es denn f\u00fcr das leibliche Wohl? Nach welchen Regeln wird gespielt? Restaurants in der N\u00e4he!<\/p>\n","protected":false},"author":2,"featured_media":0,"parent":0,"menu_order":0,"comment_status":"closed","ping_status":"closed","template":"","meta":{"footnotes":""},"class_list":["post-4944","page","type-page","status-publish","hentry"],"_links":{"self":[{"href":"http:\/\/greenwood-cup.keskenet.de\/index.php?rest_route=\/wp\/v2\/pages\/4944","targetHints":{"allow":["GET"]}}],"collection":[{"href":"http:\/\/greenwood-cup.keskenet.de\/index.php?rest_route=\/wp\/v2\/pages"}],"about":[{"href":"http:\/\/greenwood-cup.keskenet.de\/index.php?rest_route=\/wp\/v2\/types\/page"}],"author":[{"embeddable":true,"href":"http:\/\/greenwood-cup.keskenet.de\/index.php?rest_route=\/wp\/v2\/users\/2"}],"replies":[{"embeddable":true,"href":"http:\/\/greenwood-cup.keskenet.de\/index.php?rest_route=%2Fwp%2Fv2%2Fcomments&post=4944"}],"version-history":[{"count":42,"href":"http:\/\/greenwood-cup.keskenet.de\/index.php?rest_route=\/wp\/v2\/pages\/4944\/revisions"}],"predecessor-version":[{"id":6960,"href":"http:\/\/greenwood-cup.keskenet.de\/index.php?rest_route=\/wp\/v2\/pages\/4944\/revisions\/6960"}],"wp:attachment":[{"href":"http:\/\/greenwood-cup.keskenet.de\/index.php?rest_route=%2Fwp%2Fv2%2Fmedia&parent=4944"}],"curies":[{"name":"wp","href":"https:\/\/api.w.org\/{rel}","templated":true}]}}