{"id":5435,"date":"2022-10-22T22:45:20","date_gmt":"2022-10-22T20:45:20","guid":{"rendered":"http:\/\/greenwood-cup.keskenet.de\/?page_id=5435"},"modified":"2022-11-28T07:42:34","modified_gmt":"2022-11-28T06:42:34","slug":"sg-bessenbach","status":"publish","type":"page","link":"http:\/\/greenwood-cup.keskenet.de\/?page_id=5435","title":{"rendered":"SG Bessenbach"},"content":{"rendered":"<p><img fetchpriority=\"high\" decoding=\"async\" class=\"wp-image-5841 aligncenter lazyload\" src=\"data:image\/gif;base64,R0lGODlhAQABAIAAAAAAAP\/\/\/yH5BAEAAAAALAAAAAABAAEAAAIBRAA7\" data-src=\"http:\/\/greenwood-cup.keskenet.de\/wp-content\/uploads\/2022\/11\/SG-Bessenbach-E1-22-23-e1668688077654-300x255.jpg\" alt=\"\" width=\"759\" height=\"645\" \/><noscript><img decoding=\"async\" class=\"wp-image-5841 aligncenter lazyload\" src=\"http:\/\/greenwood-cup.keskenet.de\/wp-content\/uploads\/2022\/11\/SG-Bessenbach-E1-22-23-e1668688077654-300x255.jpg\" alt=\"\" width=\"759\" height=\"645\" srcset=\"http:\/\/greenwood-cup.keskenet.de\/wp-content\/uploads\/2022\/11\/SG-Bessenbach-E1-22-23-e1668688077654-300x255.jpg 300w, http:\/\/greenwood-cup.keskenet.de\/wp-content\/uploads\/2022\/11\/SG-Bessenbach-E1-22-23-e1668688077654-768x654.jpg 768w, http:\/\/greenwood-cup.keskenet.de\/wp-content\/uploads\/2022\/11\/SG-Bessenbach-E1-22-23-e1668688077654-128x109.jpg 128w, http:\/\/greenwood-cup.keskenet.de\/wp-content\/uploads\/2022\/11\/SG-Bessenbach-E1-22-23-e1668688077654-32x27.jpg 32w, http:\/\/greenwood-cup.keskenet.de\/wp-content\/uploads\/2022\/11\/SG-Bessenbach-E1-22-23-e1668688077654.jpg 1024w\" sizes=\"(max-width: 759px) 100vw, 759px\" \/><\/noscript><\/p>\n<table style=\"border-collapse: collapse; width: 100%;\">\n<tbody>\n<tr>\n<td style=\"width: 12.1429%;\"><strong>Kader:<\/strong><\/td>\n<td style=\"width: 87.8571%;\">Milo Sandikci, Marlon Kneip, Robin K\u00f6berlein, Collin Weller, Max Richartz, Sam Neumayr, Luis Sch\u00e4fer, David Meichelbeck, Jakob Lang, Emir Hekimoglu, Rafael Iosub, Samuel Fr\u00f6hlich.<\/td>\n<\/tr>\n<tr>\n<td style=\"width: 12.1429%;\"><strong>Trainer<\/strong><\/td>\n<td style=\"width: 87.8571%;\">Thomas Neumayr<\/td>\n<\/tr>\n<\/tbody>\n<\/table>\n<p><img decoding=\"async\" class=\"size-medium wp-image-1308 aligncenter lazyload\" src=\"data:image\/gif;base64,R0lGODlhAQABAIAAAAAAAP\/\/\/yH5BAEAAAAALAAAAAABAAEAAAIBRAA7\" data-src=\"http:\/\/greenwood-cup.keskenet.de\/wp-content\/uploads\/2018\/03\/18_Platz-300x96.png\" alt=\"\" width=\"300\" height=\"96\" \/><noscript><img loading=\"lazy\" decoding=\"async\" class=\"size-medium wp-image-1308 aligncenter lazyload\" src=\"http:\/\/greenwood-cup.keskenet.de\/wp-content\/uploads\/2018\/03\/18_Platz-300x96.png\" alt=\"\" width=\"300\" height=\"96\" srcset=\"http:\/\/greenwood-cup.keskenet.de\/wp-content\/uploads\/2018\/03\/18_Platz-300x96.png 300w, http:\/\/greenwood-cup.keskenet.de\/wp-content\/uploads\/2018\/03\/18_Platz-768x245.png 768w, http:\/\/greenwood-cup.keskenet.de\/wp-content\/uploads\/2018\/03\/18_Platz-1024x327.png 1024w, http:\/\/greenwood-cup.keskenet.de\/wp-content\/uploads\/2018\/03\/18_Platz-128x41.png 128w, http:\/\/greenwood-cup.keskenet.de\/wp-content\/uploads\/2018\/03\/18_Platz-32x10.png 32w, http:\/\/greenwood-cup.keskenet.de\/wp-content\/uploads\/2018\/03\/18_Platz-520x166.png 520w, http:\/\/greenwood-cup.keskenet.de\/wp-content\/uploads\/2018\/03\/18_Platz-740x237.png 740w, http:\/\/greenwood-cup.keskenet.de\/wp-content\/uploads\/2018\/03\/18_Platz.png 1414w\" sizes=\"(max-width: 300px) 100vw, 300px\" \/><\/noscript><\/p>\n<div class=\"sportspress sp-widget-align-none\"><h4 class=\"sp-table-caption\">Ergebnisse Greenwood-Cup 2022<\/h4><div class=\"sp-template sp-template-event-blocks\">\n\t<div class=\"sp-table-wrapper\">\n\t\t<table class=\"sp-event-blocks sp-data-table\n\t\t\t\t\t sp-paginated-table\" data-sp-rows=\"10\">\n\t\t\t<thead><tr><th><\/th><\/tr><\/thead> \t\t\t<tbody>\n\t\t\t\t\t\t\t\t\t<tr class=\"sp-row sp-post alternate\" itemscope itemtype=\"http:\/\/schema.org\/SportsEvent\">\n\t\t\t\t\t\t<td>\n\t\t\t\t\t\t\t\t\t\t\t\t\t\t<span class=\"team-logo logo-odd\" title=\"SG Eintracht Frankfurt\"><img loading=\"lazy\" decoding=\"async\" width=\"128\" height=\"128\" src=\"http:\/\/greenwood-cup.keskenet.de\/wp-content\/uploads\/2018\/03\/200px-Eintracht_Frankfurt_Logo_svg-128x128.png\" class=\"attachment-sportspress-fit-icon size-sportspress-fit-icon wp-post-image\" alt=\"\" \/><\/span> <span class=\"team-logo logo-even\" title=\"SG Bessenbach\"><img loading=\"lazy\" decoding=\"async\" width=\"128\" height=\"124\" src=\"http:\/\/greenwood-cup.keskenet.de\/wp-content\/uploads\/2022\/11\/SG-Bessenbach-neu-e1668687809390-128x124.png\" class=\"attachment-sportspress-fit-icon size-sportspress-fit-icon wp-post-image\" alt=\"\" \/><\/span>\t\t\t\t\t\t\t<time class=\"sp-event-date\" datetime=\"2022-11-26 08:52:21\" itemprop=\"startDate\" content=\"2022-11-26T08:52:21+01:00\">\n\t\t\t\t\t\t\t\t<a href=\"http:\/\/greenwood-cup.keskenet.de\/?sp_event=sg-eintracht-frankfurt-sg-bessenbach\">26. November 2022<\/a>\t\t\t\t\t\t\t<\/time>\n\t\t\t\t\t\t\t\t\t\t\t\t\t\t<h5 class=\"sp-event-results\">\n\t\t\t\t\t\t\t\t<a href=\"http:\/\/greenwood-cup.keskenet.de\/?sp_event=sg-eintracht-frankfurt-sg-bessenbach\"><span class=\"sp-result ok\">9<\/span> - <span class=\"sp-result\">0<\/span><\/a>\t\t\t\t\t\t\t<\/h5>\n\t\t\t\t\t\t\t\t\t\t\t\t\t\t\t<div class=\"sp-event-league\">Greenwood-Cup 2022<\/div>\n\t\t\t\t\t\t\t\t\t\t\t\t\t\t\t\t\t\t\t\t\t\t\t\t\t\t\t\t\t\t<div class=\"sp-event-season\">2022 - Vorrunde EU-MAYER.de Gruppe<\/div>\n\t\t\t\t\t\t\t\t\t\t\t\t\t\t\t\t\t\t\t\t\t\t\t\t\t\t\t\t\t\t\t\t\t\t\t\t\t<div style=\"display:none;\" class=\"sp-event-venue\" itemprop=\"location\" itemscope itemtype=\"http:\/\/schema.org\/Place\"><div itemprop=\"address\" itemscope itemtype=\"http:\/\/schema.org\/PostalAddress\">n.\u00a0a.<\/div><\/div>\n\t\t\t\t\t\t\t\t\t\t\t\t\t\t<h4 class=\"sp-event-title\" itemprop=\"name\">\n\t\t\t\t\t\t\t\t<a href=\"http:\/\/greenwood-cup.keskenet.de\/?sp_event=sg-eintracht-frankfurt-sg-bessenbach\">SG Eintracht Frankfurt \u2014 SG Bessenbach<\/a>\t\t\t\t\t\t\t<\/h4>\n\t\t\t\t\t\t\t\n\t\t\t\t\t\t<\/td>\n\t\t\t\t\t<\/tr>\n\t\t\t\t\t\t\t\t\t\t<tr class=\"sp-row sp-post\" itemscope itemtype=\"http:\/\/schema.org\/SportsEvent\">\n\t\t\t\t\t\t<td>\n\t\t\t\t\t\t\t\t\t\t\t\t\t\t<span class=\"team-logo logo-odd\" title=\"SG Bessenbach\"><img loading=\"lazy\" decoding=\"async\" width=\"128\" height=\"124\" src=\"http:\/\/greenwood-cup.keskenet.de\/wp-content\/uploads\/2022\/11\/SG-Bessenbach-neu-e1668687809390-128x124.png\" class=\"attachment-sportspress-fit-icon size-sportspress-fit-icon wp-post-image\" alt=\"\" \/><\/span> <span class=\"team-logo logo-even\" title=\"FC Bayern M\u00fcnchen\"><img loading=\"lazy\" decoding=\"async\" width=\"128\" height=\"128\" src=\"http:\/\/greenwood-cup.keskenet.de\/wp-content\/uploads\/2018\/02\/fcbayern200_freigestellt-128x128.png\" class=\"attachment-sportspress-fit-icon size-sportspress-fit-icon wp-post-image\" alt=\"\" \/><\/span>\t\t\t\t\t\t\t<time class=\"sp-event-date\" datetime=\"2022-11-26 09:36:30\" itemprop=\"startDate\" content=\"2022-11-26T09:36:30+01:00\">\n\t\t\t\t\t\t\t\t<a href=\"http:\/\/greenwood-cup.keskenet.de\/?sp_event=sg-bessenbach-fc-bayern-muenchen-2\">26. November 2022<\/a>\t\t\t\t\t\t\t<\/time>\n\t\t\t\t\t\t\t\t\t\t\t\t\t\t<h5 class=\"sp-event-results\">\n\t\t\t\t\t\t\t\t<a href=\"http:\/\/greenwood-cup.keskenet.de\/?sp_event=sg-bessenbach-fc-bayern-muenchen-2\"><span class=\"sp-result ok\">0<\/span> - <span class=\"sp-result\">9<\/span><\/a>\t\t\t\t\t\t\t<\/h5>\n\t\t\t\t\t\t\t\t\t\t\t\t\t\t\t<div class=\"sp-event-league\">Greenwood-Cup 2022<\/div>\n\t\t\t\t\t\t\t\t\t\t\t\t\t\t\t\t\t\t\t\t\t\t\t\t\t\t\t\t\t\t<div class=\"sp-event-season\">2022 - Vorrunde EU-MAYER.de Gruppe<\/div>\n\t\t\t\t\t\t\t\t\t\t\t\t\t\t\t\t\t\t\t\t\t\t\t\t\t\t\t\t\t\t\t\t\t\t\t\t\t<div style=\"display:none;\" class=\"sp-event-venue\" itemprop=\"location\" itemscope itemtype=\"http:\/\/schema.org\/Place\"><div itemprop=\"address\" itemscope itemtype=\"http:\/\/schema.org\/PostalAddress\">n.\u00a0a.<\/div><\/div>\n\t\t\t\t\t\t\t\t\t\t\t\t\t\t<h4 class=\"sp-event-title\" itemprop=\"name\">\n\t\t\t\t\t\t\t\t<a href=\"http:\/\/greenwood-cup.keskenet.de\/?sp_event=sg-bessenbach-fc-bayern-muenchen-2\">SG Bessenbach \u2014 FC Bayern M\u00fcnchen<\/a>\t\t\t\t\t\t\t<\/h4>\n\t\t\t\t\t\t\t\n\t\t\t\t\t\t<\/td>\n\t\t\t\t\t<\/tr>\n\t\t\t\t\t\t\t\t\t\t<tr class=\"sp-row sp-post alternate\" itemscope itemtype=\"http:\/\/schema.org\/SportsEvent\">\n\t\t\t\t\t\t<td>\n\t\t\t\t\t\t\t\t\t\t\t\t\t\t<span class=\"team-logo logo-odd\" title=\"SG Bessenbach\"><img loading=\"lazy\" decoding=\"async\" width=\"128\" height=\"124\" src=\"http:\/\/greenwood-cup.keskenet.de\/wp-content\/uploads\/2022\/11\/SG-Bessenbach-neu-e1668687809390-128x124.png\" class=\"attachment-sportspress-fit-icon size-sportspress-fit-icon wp-post-image\" alt=\"\" \/><\/span> <span class=\"team-logo logo-even\" title=\"SpVgg H\u00f6sbach-Bhf I\"><img loading=\"lazy\" decoding=\"async\" width=\"128\" height=\"128\" src=\"http:\/\/greenwood-cup.keskenet.de\/wp-content\/uploads\/2018\/02\/Wappen-BHF-240_240-e1518607535185.jpg\" class=\"attachment-sportspress-fit-icon size-sportspress-fit-icon wp-post-image\" alt=\"\" \/><\/span>\t\t\t\t\t\t\t<time class=\"sp-event-date\" datetime=\"2022-11-26 11:26:19\" itemprop=\"startDate\" content=\"2022-11-26T11:26:19+01:00\">\n\t\t\t\t\t\t\t\t<a href=\"http:\/\/greenwood-cup.keskenet.de\/?sp_event=sg-bessenbach-spvgg-hoesbach-bhf-i-2\">26. November 2022<\/a>\t\t\t\t\t\t\t<\/time>\n\t\t\t\t\t\t\t\t\t\t\t\t\t\t<h5 class=\"sp-event-results\">\n\t\t\t\t\t\t\t\t<a href=\"http:\/\/greenwood-cup.keskenet.de\/?sp_event=sg-bessenbach-spvgg-hoesbach-bhf-i-2\"><span class=\"sp-result ok\">2<\/span> - <span class=\"sp-result\">0<\/span><\/a>\t\t\t\t\t\t\t<\/h5>\n\t\t\t\t\t\t\t\t\t\t\t\t\t\t\t<div class=\"sp-event-league\">Greenwood-Cup 2022<\/div>\n\t\t\t\t\t\t\t\t\t\t\t\t\t\t\t\t\t\t\t\t\t\t\t\t\t\t\t\t\t\t<div class=\"sp-event-season\">2022 - Vorrunde EU-MAYER.de Gruppe<\/div>\n\t\t\t\t\t\t\t\t\t\t\t\t\t\t\t\t\t\t\t\t\t\t\t\t\t\t\t\t\t\t\t\t\t\t\t\t\t<div style=\"display:none;\" class=\"sp-event-venue\" itemprop=\"location\" itemscope itemtype=\"http:\/\/schema.org\/Place\"><div itemprop=\"address\" itemscope itemtype=\"http:\/\/schema.org\/PostalAddress\">n.\u00a0a.<\/div><\/div>\n\t\t\t\t\t\t\t\t\t\t\t\t\t\t<h4 class=\"sp-event-title\" itemprop=\"name\">\n\t\t\t\t\t\t\t\t<a href=\"http:\/\/greenwood-cup.keskenet.de\/?sp_event=sg-bessenbach-spvgg-hoesbach-bhf-i-2\">SG Bessenbach \u2014 SpVgg H\u00f6sbach-Bhf I<\/a>\t\t\t\t\t\t\t<\/h4>\n\t\t\t\t\t\t\t\n\t\t\t\t\t\t<\/td>\n\t\t\t\t\t<\/tr>\n\t\t\t\t\t\t\t\t\t\t<tr class=\"sp-row sp-post\" itemscope itemtype=\"http:\/\/schema.org\/SportsEvent\">\n\t\t\t\t\t\t<td>\n\t\t\t\t\t\t\t\t\t\t\t\t\t\t<span class=\"team-logo logo-odd\" title=\"SG Bessenbach\"><img loading=\"lazy\" decoding=\"async\" width=\"128\" height=\"124\" src=\"http:\/\/greenwood-cup.keskenet.de\/wp-content\/uploads\/2022\/11\/SG-Bessenbach-neu-e1668687809390-128x124.png\" class=\"attachment-sportspress-fit-icon size-sportspress-fit-icon wp-post-image\" alt=\"\" \/><\/span> <span class=\"team-logo logo-even\" title=\"Gemaa Tempelsee-Offenbach\"><img loading=\"lazy\" decoding=\"async\" width=\"128\" height=\"128\" src=\"http:\/\/greenwood-cup.keskenet.de\/wp-content\/uploads\/2018\/11\/Germania-Tempelsee-offenbach-128x128.png\" class=\"attachment-sportspress-fit-icon size-sportspress-fit-icon wp-post-image\" alt=\"\" \/><\/span>\t\t\t\t\t\t\t<time class=\"sp-event-date\" datetime=\"2022-11-26 12:32:50\" itemprop=\"startDate\" content=\"2022-11-26T12:32:50+01:00\">\n\t\t\t\t\t\t\t\t<a href=\"http:\/\/greenwood-cup.keskenet.de\/?sp_event=sg-bessenbach-gemaa-tempelsee-offenbach\">26. November 2022<\/a>\t\t\t\t\t\t\t<\/time>\n\t\t\t\t\t\t\t\t\t\t\t\t\t\t<h5 class=\"sp-event-results\">\n\t\t\t\t\t\t\t\t<a href=\"http:\/\/greenwood-cup.keskenet.de\/?sp_event=sg-bessenbach-gemaa-tempelsee-offenbach\"><span class=\"sp-result ok\">0<\/span> - <span class=\"sp-result\">3<\/span><\/a>\t\t\t\t\t\t\t<\/h5>\n\t\t\t\t\t\t\t\t\t\t\t\t\t\t\t<div class=\"sp-event-league\">Greenwood-Cup 2022<\/div>\n\t\t\t\t\t\t\t\t\t\t\t\t\t\t\t\t\t\t\t\t\t\t\t\t\t\t\t\t\t\t<div class=\"sp-event-season\">2022 - Vorrunde EU-MAYER.de Gruppe<\/div>\n\t\t\t\t\t\t\t\t\t\t\t\t\t\t\t\t\t\t\t\t\t\t\t\t\t\t\t\t\t\t\t\t\t\t\t\t\t<div style=\"display:none;\" class=\"sp-event-venue\" itemprop=\"location\" itemscope itemtype=\"http:\/\/schema.org\/Place\"><div itemprop=\"address\" itemscope itemtype=\"http:\/\/schema.org\/PostalAddress\">n.\u00a0a.<\/div><\/div>\n\t\t\t\t\t\t\t\t\t\t\t\t\t\t<h4 class=\"sp-event-title\" itemprop=\"name\">\n\t\t\t\t\t\t\t\t<a href=\"http:\/\/greenwood-cup.keskenet.de\/?sp_event=sg-bessenbach-gemaa-tempelsee-offenbach\">SG Bessenbach \u2014 Gemaa Tempelsee-Offenbach<\/a>\t\t\t\t\t\t\t<\/h4>\n\t\t\t\t\t\t\t\n\t\t\t\t\t\t<\/td>\n\t\t\t\t\t<\/tr>\n\t\t\t\t\t\t\t\t\t\t<tr class=\"sp-row sp-post alternate\" itemscope itemtype=\"http:\/\/schema.org\/SportsEvent\">\n\t\t\t\t\t\t<td>\n\t\t\t\t\t\t\t\t\t\t\t\t\t\t<span class=\"team-logo logo-odd\" title=\"Hamburger SV\"><img loading=\"lazy\" decoding=\"async\" width=\"128\" height=\"95\" src=\"http:\/\/greenwood-cup.keskenet.de\/wp-content\/uploads\/2018\/03\/Hamburger_SV_logo.svg_-128x95.png\" class=\"attachment-sportspress-fit-icon size-sportspress-fit-icon wp-post-image\" alt=\"\" \/><\/span> <span class=\"team-logo logo-even\" title=\"SG Bessenbach\"><img loading=\"lazy\" decoding=\"async\" width=\"128\" height=\"124\" src=\"http:\/\/greenwood-cup.keskenet.de\/wp-content\/uploads\/2022\/11\/SG-Bessenbach-neu-e1668687809390-128x124.png\" class=\"attachment-sportspress-fit-icon size-sportspress-fit-icon wp-post-image\" alt=\"\" \/><\/span>\t\t\t\t\t\t\t<time class=\"sp-event-date\" datetime=\"2022-11-26 13:16:12\" itemprop=\"startDate\" content=\"2022-11-26T13:16:12+01:00\">\n\t\t\t\t\t\t\t\t<a href=\"http:\/\/greenwood-cup.keskenet.de\/?sp_event=hamburger-sv-sg-bessenbach-2\">26. November 2022<\/a>\t\t\t\t\t\t\t<\/time>\n\t\t\t\t\t\t\t\t\t\t\t\t\t\t<h5 class=\"sp-event-results\">\n\t\t\t\t\t\t\t\t<a href=\"http:\/\/greenwood-cup.keskenet.de\/?sp_event=hamburger-sv-sg-bessenbach-2\"><span class=\"sp-result ok\">11<\/span> - <span class=\"sp-result\">0<\/span><\/a>\t\t\t\t\t\t\t<\/h5>\n\t\t\t\t\t\t\t\t\t\t\t\t\t\t\t<div class=\"sp-event-league\">Greenwood-Cup 2022<\/div>\n\t\t\t\t\t\t\t\t\t\t\t\t\t\t\t\t\t\t\t\t\t\t\t\t\t\t\t\t\t\t<div class=\"sp-event-season\">2022 - Vorrunde EU-MAYER.de Gruppe<\/div>\n\t\t\t\t\t\t\t\t\t\t\t\t\t\t\t\t\t\t\t\t\t\t\t\t\t\t\t\t\t\t\t\t\t\t\t\t\t<div style=\"display:none;\" class=\"sp-event-venue\" itemprop=\"location\" itemscope itemtype=\"http:\/\/schema.org\/Place\"><div itemprop=\"address\" itemscope itemtype=\"http:\/\/schema.org\/PostalAddress\">n.\u00a0a.<\/div><\/div>\n\t\t\t\t\t\t\t\t\t\t\t\t\t\t<h4 class=\"sp-event-title\" itemprop=\"name\">\n\t\t\t\t\t\t\t\t<a href=\"http:\/\/greenwood-cup.keskenet.de\/?sp_event=hamburger-sv-sg-bessenbach-2\">Hamburger SV \u2014 SG Bessenbach<\/a>\t\t\t\t\t\t\t<\/h4>\n\t\t\t\t\t\t\t\n\t\t\t\t\t\t<\/td>\n\t\t\t\t\t<\/tr>\n\t\t\t\t\t\t\t\t<\/tbody>\n\t\t<\/table>\n\t<\/div>\n\t<div class=\"sp-calendar-link sp-view-all-link\"><a href=\"http:\/\/greenwood-cup.keskenet.de\/?sp_calendar=greenwood-cup-2022\">Alle Spiele sehen<\/a><\/div><\/div>\n<\/div>\n<div class=\"sportspress\"><div class=\"sp-template sp-template-league-table\">\n\t<h4 class=\"sp-table-caption\">2022 Vorrunde EU-MAYER.de Gruppe<\/h4><div class=\"sp-table-wrapper\"><table class=\"sp-league-table sp-league-table-5325 sp-data-table sp-sortable-table sp-responsive-table table_69e38f990dd5c sp-scrollable-table sp-paginated-table\" data-sp-rows=\"10\"><thead><tr><th class=\"data-rank\">Pos.<\/th><th class=\"data-name\">Club<\/th><th class=\"data-p\">S<\/th><th class=\"data-w\">G<\/th><th class=\"data-d\">U<\/th><th class=\"data-l\">V<\/th><th class=\"data-f\">T<\/th><th class=\"data-a\">Gt<\/th><th class=\"data-pts\">P<\/th><\/tr><\/thead><tbody><tr class=\"odd sp-row-no-0\"><td class=\"data-rank\" data-label=\"Pos.\">1<\/td><td class=\"data-name has-logo\" data-label=\"Club\"><span class=\"team-logo\"><img loading=\"lazy\" decoding=\"async\" width=\"128\" height=\"128\" src=\"http:\/\/greenwood-cup.keskenet.de\/wp-content\/uploads\/2018\/03\/200px-Eintracht_Frankfurt_Logo_svg-128x128.png\" class=\"attachment-sportspress-fit-icon size-sportspress-fit-icon wp-post-image\" alt=\"\" \/><\/span>SG Eintracht Frankfurt<\/td><td class=\"data-p\" data-label=\"S\">5<\/td><td class=\"data-w\" data-label=\"G\">5<\/td><td class=\"data-d\" data-label=\"U\">0<\/td><td class=\"data-l\" data-label=\"V\">0<\/td><td class=\"data-f\" data-label=\"T\">30<\/td><td class=\"data-a\" data-label=\"Gt\">2<\/td><td class=\"data-pts\" data-label=\"P\">15<\/td><\/tr><tr class=\"even sp-row-no-1\"><td class=\"data-rank\" data-label=\"Pos.\">2<\/td><td class=\"data-name has-logo\" data-label=\"Club\"><span class=\"team-logo\"><img loading=\"lazy\" decoding=\"async\" width=\"128\" height=\"128\" src=\"http:\/\/greenwood-cup.keskenet.de\/wp-content\/uploads\/2018\/02\/fcbayern200_freigestellt-128x128.png\" class=\"attachment-sportspress-fit-icon size-sportspress-fit-icon wp-post-image\" alt=\"\" \/><\/span>FC Bayern M\u00fcnchen<\/td><td class=\"data-p\" data-label=\"S\">5<\/td><td class=\"data-w\" data-label=\"G\">4<\/td><td class=\"data-d\" data-label=\"U\">0<\/td><td class=\"data-l\" data-label=\"V\">1<\/td><td class=\"data-f\" data-label=\"T\">28<\/td><td class=\"data-a\" data-label=\"Gt\">2<\/td><td class=\"data-pts\" data-label=\"P\">12<\/td><\/tr><tr class=\"odd sp-row-no-2\"><td class=\"data-rank\" data-label=\"Pos.\">3<\/td><td class=\"data-name has-logo\" data-label=\"Club\"><span class=\"team-logo\"><img loading=\"lazy\" decoding=\"async\" width=\"128\" height=\"95\" src=\"http:\/\/greenwood-cup.keskenet.de\/wp-content\/uploads\/2018\/03\/Hamburger_SV_logo.svg_-128x95.png\" class=\"attachment-sportspress-fit-icon size-sportspress-fit-icon wp-post-image\" alt=\"\" \/><\/span>Hamburger SV<\/td><td class=\"data-p\" data-label=\"S\">5<\/td><td class=\"data-w\" data-label=\"G\">3<\/td><td class=\"data-d\" data-label=\"U\">0<\/td><td class=\"data-l\" data-label=\"V\">2<\/td><td class=\"data-f\" data-label=\"T\">21<\/td><td class=\"data-a\" data-label=\"Gt\">8<\/td><td class=\"data-pts\" data-label=\"P\">9<\/td><\/tr><tr class=\"even sp-row-no-3\"><td class=\"data-rank\" data-label=\"Pos.\">4<\/td><td class=\"data-name has-logo\" data-label=\"Club\"><span class=\"team-logo\"><img loading=\"lazy\" decoding=\"async\" width=\"128\" height=\"128\" src=\"http:\/\/greenwood-cup.keskenet.de\/wp-content\/uploads\/2018\/11\/Germania-Tempelsee-offenbach-128x128.png\" class=\"attachment-sportspress-fit-icon size-sportspress-fit-icon wp-post-image\" alt=\"\" \/><\/span>Gemaa Tempelsee-Offenbach<\/td><td class=\"data-p\" data-label=\"S\">5<\/td><td class=\"data-w\" data-label=\"G\">2<\/td><td class=\"data-d\" data-label=\"U\">0<\/td><td class=\"data-l\" data-label=\"V\">3<\/td><td class=\"data-f\" data-label=\"T\">8<\/td><td class=\"data-a\" data-label=\"Gt\">18<\/td><td class=\"data-pts\" data-label=\"P\">6<\/td><\/tr><tr class=\"odd sp-row-no-4\"><td class=\"data-rank\" data-label=\"Pos.\">5<\/td><td class=\"data-name has-logo\" data-label=\"Club\"><span class=\"team-logo\"><img loading=\"lazy\" decoding=\"async\" width=\"128\" height=\"124\" src=\"http:\/\/greenwood-cup.keskenet.de\/wp-content\/uploads\/2022\/11\/SG-Bessenbach-neu-e1668687809390-128x124.png\" class=\"attachment-sportspress-fit-icon size-sportspress-fit-icon wp-post-image\" alt=\"\" \/><\/span>SG Bessenbach<\/td><td class=\"data-p\" data-label=\"S\">5<\/td><td class=\"data-w\" data-label=\"G\">1<\/td><td class=\"data-d\" data-label=\"U\">0<\/td><td class=\"data-l\" data-label=\"V\">4<\/td><td class=\"data-f\" data-label=\"T\">2<\/td><td class=\"data-a\" data-label=\"Gt\">32<\/td><td class=\"data-pts\" data-label=\"P\">3<\/td><\/tr><tr class=\"even sp-row-no-5\"><td class=\"data-rank\" data-label=\"Pos.\">6<\/td><td class=\"data-name has-logo\" data-label=\"Club\"><span class=\"team-logo\"><img loading=\"lazy\" decoding=\"async\" width=\"128\" height=\"128\" src=\"http:\/\/greenwood-cup.keskenet.de\/wp-content\/uploads\/2018\/02\/Wappen-BHF-240_240-e1518607535185.jpg\" class=\"attachment-sportspress-fit-icon size-sportspress-fit-icon wp-post-image\" alt=\"\" \/><\/span>SpVgg H\u00f6sbach-Bhf I<\/td><td class=\"data-p\" data-label=\"S\">5<\/td><td class=\"data-w\" data-label=\"G\">0<\/td><td class=\"data-d\" data-label=\"U\">0<\/td><td class=\"data-l\" data-label=\"V\">5<\/td><td class=\"data-f\" data-label=\"T\">3<\/td><td class=\"data-a\" data-label=\"Gt\">30<\/td><td class=\"data-pts\" data-label=\"P\">0<\/td><\/tr><\/tbody><\/table><\/div><\/div>\n<\/div>\n","protected":false},"excerpt":{"rendered":"<p>Kader: Milo Sandikci, Marlon Kneip, Robin K\u00f6berlein, Collin Weller, Max Richartz, Sam Neumayr, Luis Sch\u00e4fer, David Meichelbeck, Jakob Lang, Emir Hekimoglu, Rafael Iosub, Samuel Fr\u00f6hlich. Trainer Thomas Neumayr<\/p>\n","protected":false},"author":2,"featured_media":5837,"parent":5186,"menu_order":0,"comment_status":"closed","ping_status":"closed","template":"","meta":{"footnotes":""},"class_list":["post-5435","page","type-page","status-publish","has-post-thumbnail","hentry"],"_links":{"self":[{"href":"http:\/\/greenwood-cup.keskenet.de\/index.php?rest_route=\/wp\/v2\/pages\/5435","targetHints":{"allow":["GET"]}}],"collection":[{"href":"http:\/\/greenwood-cup.keskenet.de\/index.php?rest_route=\/wp\/v2\/pages"}],"about":[{"href":"http:\/\/greenwood-cup.keskenet.de\/index.php?rest_route=\/wp\/v2\/types\/page"}],"author":[{"embeddable":true,"href":"http:\/\/greenwood-cup.keskenet.de\/index.php?rest_route=\/wp\/v2\/users\/2"}],"replies":[{"embeddable":true,"href":"http:\/\/greenwood-cup.keskenet.de\/index.php?rest_route=%2Fwp%2Fv2%2Fcomments&post=5435"}],"version-history":[{"count":4,"href":"http:\/\/greenwood-cup.keskenet.de\/index.php?rest_route=\/wp\/v2\/pages\/5435\/revisions"}],"predecessor-version":[{"id":6736,"href":"http:\/\/greenwood-cup.keskenet.de\/index.php?rest_route=\/wp\/v2\/pages\/5435\/revisions\/6736"}],"up":[{"embeddable":true,"href":"http:\/\/greenwood-cup.keskenet.de\/index.php?rest_route=\/wp\/v2\/pages\/5186"}],"wp:featuredmedia":[{"embeddable":true,"href":"http:\/\/greenwood-cup.keskenet.de\/index.php?rest_route=\/wp\/v2\/media\/5837"}],"wp:attachment":[{"href":"http:\/\/greenwood-cup.keskenet.de\/index.php?rest_route=%2Fwp%2Fv2%2Fmedia&parent=5435"}],"curies":[{"name":"wp","href":"https:\/\/api.w.org\/{rel}","templated":true}]}}