{"id":5491,"date":"2022-10-31T11:38:21","date_gmt":"2022-10-31T10:38:21","guid":{"rendered":"http:\/\/greenwood-cup.keskenet.de\/?page_id=5491"},"modified":"2022-10-31T11:42:26","modified_gmt":"2022-10-31T10:42:26","slug":"parkplaetze","status":"publish","type":"page","link":"http:\/\/greenwood-cup.keskenet.de\/?page_id=5491","title":{"rendered":"Parkpl\u00e4tze"},"content":{"rendered":"\t\t<div data-elementor-type=\"wp-page\" data-elementor-id=\"5491\" class=\"elementor elementor-5491\">\n\t\t\t\t\t\t<section class=\"elementor-section elementor-top-section elementor-element elementor-element-3b8a7f7c elementor-section-boxed elementor-section-height-default elementor-section-height-default\" data-id=\"3b8a7f7c\" data-element_type=\"section\" data-e-type=\"section\">\n\t\t\t\t\t\t<div class=\"elementor-container elementor-column-gap-default\">\n\t\t\t\t\t<div class=\"elementor-column elementor-col-100 elementor-top-column elementor-element elementor-element-7e275076\" data-id=\"7e275076\" data-element_type=\"column\" data-e-type=\"column\">\n\t\t\t<div class=\"elementor-widget-wrap elementor-element-populated\">\n\t\t\t\t\t\t<div class=\"elementor-element elementor-element-71bb90f7 elementor-widget elementor-widget-text-editor\" data-id=\"71bb90f7\" data-element_type=\"widget\" data-e-type=\"widget\" data-widget_type=\"text-editor.default\">\n\t\t\t\t<div class=\"elementor-widget-container\">\n\t\t\t\t\t\t\t\t\t<p><\/p>\n<p>Rund um den Kultur- und Sportpark sind einige Parkm\u00f6glichkeiten vorhanden.<\/p>\n<p>Direkt vor dem Geb\u00e4ude befindet sich eine gro\u00dfe Parkfl\u00e4che!<\/p>\n<p>Weitere Parkpl\u00e4tze befinden sich gegen\u00fcber dem Schulzentrum in der Strasse &#8220;An der Maas&#8221;, diese sind keine 500m vom Eingang des Kultur- und Sportparks entfernt und zu Fu\u00df leicht zu erreichen, nat\u00fcrlich Barrierefrei. Auf diesen Fl\u00e4chen ist dasParken kostenfrei.<\/p>\n<p>\u00a0<\/p>\n<p><\/p>\t\t\t\t\t\t\t\t<\/div>\n\t\t\t\t<\/div>\n\t\t\t\t\t<\/div>\n\t\t<\/div>\n\t\t\t\t\t<\/div>\n\t\t<\/section>\n\t\t\t\t<section class=\"elementor-section elementor-top-section elementor-element elementor-element-9ad47b2 elementor-section-boxed elementor-section-height-default elementor-section-height-default\" data-id=\"9ad47b2\" data-element_type=\"section\" data-e-type=\"section\">\n\t\t\t\t\t\t<div class=\"elementor-container elementor-column-gap-default\">\n\t\t\t\t\t<div class=\"elementor-column elementor-col-100 elementor-top-column elementor-element elementor-element-5b4d5ac\" data-id=\"5b4d5ac\" data-element_type=\"column\" data-e-type=\"column\">\n\t\t\t<div class=\"elementor-widget-wrap elementor-element-populated\">\n\t\t\t\t\t\t<div class=\"elementor-element elementor-element-0c2445b elementor-widget elementor-widget-image\" data-id=\"0c2445b\" data-element_type=\"widget\" data-e-type=\"widget\" data-widget_type=\"image.default\">\n\t\t\t\t<div class=\"elementor-widget-container\">\n\t\t\t\t\t\t\t\t\t\t\t\t\t\t\t<img fetchpriority=\"high\" decoding=\"async\" width=\"640\" height=\"585\" src=\"data:image\/gif;base64,R0lGODlhAQABAIAAAAAAAP\/\/\/yH5BAEAAAAALAAAAAABAAEAAAIBRAA7\" data-src=\"http:\/\/greenwood-cup.keskenet.de\/wp-content\/uploads\/2022\/10\/Parkplaetze_Kultur_Sportpark-e1667210617540-768x702.png\" class=\"attachment-medium_large size-medium_large wp-image-5492 lazyload\" alt=\"\" data-srcset=\"http:\/\/greenwood-cup.keskenet.de\/wp-content\/uploads\/2022\/10\/Parkplaetze_Kultur_Sportpark-e1667210617540-768x702.png 768w, http:\/\/greenwood-cup.keskenet.de\/wp-content\/uploads\/2022\/10\/Parkplaetze_Kultur_Sportpark-e1667210617540-300x274.png 300w, http:\/\/greenwood-cup.keskenet.de\/wp-content\/uploads\/2022\/10\/Parkplaetze_Kultur_Sportpark-e1667210617540-128x117.png 128w, http:\/\/greenwood-cup.keskenet.de\/wp-content\/uploads\/2022\/10\/Parkplaetze_Kultur_Sportpark-e1667210617540-32x29.png 32w, http:\/\/greenwood-cup.keskenet.de\/wp-content\/uploads\/2022\/10\/Parkplaetze_Kultur_Sportpark-e1667210617540.png 800w\" sizes=\"(max-width: 640px) 100vw, 640px\" \/><noscript><img decoding=\"async\" width=\"640\" height=\"585\" src=\"http:\/\/greenwood-cup.keskenet.de\/wp-content\/uploads\/2022\/10\/Parkplaetze_Kultur_Sportpark-e1667210617540-768x702.png\" class=\"attachment-medium_large size-medium_large wp-image-5492 lazyload\" alt=\"\" srcset=\"http:\/\/greenwood-cup.keskenet.de\/wp-content\/uploads\/2022\/10\/Parkplaetze_Kultur_Sportpark-e1667210617540-768x702.png 768w, http:\/\/greenwood-cup.keskenet.de\/wp-content\/uploads\/2022\/10\/Parkplaetze_Kultur_Sportpark-e1667210617540-300x274.png 300w, http:\/\/greenwood-cup.keskenet.de\/wp-content\/uploads\/2022\/10\/Parkplaetze_Kultur_Sportpark-e1667210617540-128x117.png 128w, http:\/\/greenwood-cup.keskenet.de\/wp-content\/uploads\/2022\/10\/Parkplaetze_Kultur_Sportpark-e1667210617540-32x29.png 32w, http:\/\/greenwood-cup.keskenet.de\/wp-content\/uploads\/2022\/10\/Parkplaetze_Kultur_Sportpark-e1667210617540.png 800w\" sizes=\"(max-width: 640px) 100vw, 640px\" \/><\/noscript>\t\t\t\t\t\t\t\t\t\t\t\t\t\t\t<\/div>\n\t\t\t\t<\/div>\n\t\t\t\t\t<\/div>\n\t\t<\/div>\n\t\t\t\t\t<\/div>\n\t\t<\/section>\n\t\t\t\t<section class=\"elementor-section elementor-top-section elementor-element elementor-element-b994a01 elementor-section-boxed elementor-section-height-default elementor-section-height-default\" data-id=\"b994a01\" data-element_type=\"section\" data-e-type=\"section\">\n\t\t\t\t\t\t<div class=\"elementor-container elementor-column-gap-default\">\n\t\t\t\t\t<div class=\"elementor-column elementor-col-50 elementor-top-column elementor-element elementor-element-3bcebfb\" data-id=\"3bcebfb\" data-element_type=\"column\" data-e-type=\"column\">\n\t\t\t<div class=\"elementor-widget-wrap elementor-element-populated\">\n\t\t\t\t\t\t<div class=\"elementor-element elementor-element-22abf63 elementor-widget elementor-widget-image\" data-id=\"22abf63\" data-element_type=\"widget\" data-e-type=\"widget\" data-widget_type=\"image.default\">\n\t\t\t\t<div class=\"elementor-widget-container\">\n\t\t\t\t\t\t\t\t\t\t\t\t\t\t\t<img decoding=\"async\" width=\"513\" height=\"803\" src=\"data:image\/gif;base64,R0lGODlhAQABAIAAAAAAAP\/\/\/yH5BAEAAAAALAAAAAABAAEAAAIBRAA7\" data-src=\"http:\/\/greenwood-cup.keskenet.de\/wp-content\/uploads\/2022\/10\/Tiefgarge_Hoesbach.png\" class=\"attachment-medium_large size-medium_large wp-image-5493 lazyload\" alt=\"\" data-srcset=\"http:\/\/greenwood-cup.keskenet.de\/wp-content\/uploads\/2022\/10\/Tiefgarge_Hoesbach.png 513w, http:\/\/greenwood-cup.keskenet.de\/wp-content\/uploads\/2022\/10\/Tiefgarge_Hoesbach-192x300.png 192w, http:\/\/greenwood-cup.keskenet.de\/wp-content\/uploads\/2022\/10\/Tiefgarge_Hoesbach-82x128.png 82w, http:\/\/greenwood-cup.keskenet.de\/wp-content\/uploads\/2022\/10\/Tiefgarge_Hoesbach-20x32.png 20w\" sizes=\"(max-width: 513px) 100vw, 513px\" \/><noscript><img loading=\"lazy\" decoding=\"async\" width=\"513\" height=\"803\" src=\"http:\/\/greenwood-cup.keskenet.de\/wp-content\/uploads\/2022\/10\/Tiefgarge_Hoesbach.png\" class=\"attachment-medium_large size-medium_large wp-image-5493 lazyload\" alt=\"\" srcset=\"http:\/\/greenwood-cup.keskenet.de\/wp-content\/uploads\/2022\/10\/Tiefgarge_Hoesbach.png 513w, http:\/\/greenwood-cup.keskenet.de\/wp-content\/uploads\/2022\/10\/Tiefgarge_Hoesbach-192x300.png 192w, http:\/\/greenwood-cup.keskenet.de\/wp-content\/uploads\/2022\/10\/Tiefgarge_Hoesbach-82x128.png 82w, http:\/\/greenwood-cup.keskenet.de\/wp-content\/uploads\/2022\/10\/Tiefgarge_Hoesbach-20x32.png 20w\" sizes=\"(max-width: 513px) 100vw, 513px\" \/><\/noscript>\t\t\t\t\t\t\t\t\t\t\t\t\t\t\t<\/div>\n\t\t\t\t<\/div>\n\t\t\t\t\t<\/div>\n\t\t<\/div>\n\t\t\t\t<div class=\"elementor-column elementor-col-50 elementor-top-column elementor-element elementor-element-692437c\" data-id=\"692437c\" data-element_type=\"column\" data-e-type=\"column\">\n\t\t\t<div class=\"elementor-widget-wrap elementor-element-populated\">\n\t\t\t\t\t\t<div class=\"elementor-element elementor-element-7817c4d elementor-widget elementor-widget-text-editor\" data-id=\"7817c4d\" data-element_type=\"widget\" data-e-type=\"widget\" data-widget_type=\"text-editor.default\">\n\t\t\t\t<div class=\"elementor-widget-container\">\n\t\t\t\t\t\t\t\t\t<h1 style=\"text-align: center;\"><span dir=\"ltr\" style=\"left: 354.4px; top: 984.433px; font-size: 13.4px; font-family: sans-serif; transform: scaleX(1.04951);\" role=\"presentation\"><span style=\"font-size: 12pt;\"><strong><span style=\"font-family: arial, helvetica, sans-serif;\">Parkhaus am Markplatz in H\u00f6sbach<\/span><\/strong><\/span><br \/><\/span><\/h1>\n<p><span dir=\"ltr\" style=\"left: 354.4px; top: 984.433px; font-size: 13.4px; font-family: sans-serif; transform: scaleX(1.04951);\" role=\"presentation\">\u00a0Adresse:<\/span><\/p>\n<p><span style=\"font-family: arial, helvetica, sans-serif; font-size: 10pt;\">Sch\u00f6llkrippener Str.<\/span><\/p>\n<p><span style=\"font-family: arial, helvetica, sans-serif; font-size: 10pt;\">63768 H\u00f6sbach<\/span><\/p>\n<p><strong><span dir=\"ltr\" style=\"left: 354.4px; top: 984.433px; font-size: 13.4px; font-family: sans-serif; transform: scaleX(1.04951);\" role=\"presentation\">Das Parkentgelt betr\u00e4gt:<\/span><\/strong><br role=\"presentation\" \/><span style=\"font-family: arial, helvetica, sans-serif;\"><span dir=\"ltr\" style=\"left: 378px; top: 1004.23px; font-size: 13.4px;\" role=\"presentation\">&#8211;<\/span> <span dir=\"ltr\" style=\"left: 387.4px; top: 1004.23px; font-size: 13.4px; transform: scaleX(1.02172);\" role=\"presentation\">bis 20 Minuten<\/span> <span dir=\"ltr\" style=\"left: 583.801px; top: 1004.23px; font-size: 13.4px; transform: scaleX(1.09253);\" role=\"presentation\">frei<\/span><\/span><br role=\"presentation\" \/><span style=\"font-family: arial, helvetica, sans-serif;\"><span dir=\"ltr\" style=\"left: 378px; top: 1024.23px; font-size: 13.4px;\" role=\"presentation\">&#8211;<\/span> <span dir=\"ltr\" style=\"left: 387.4px; top: 1024.23px; font-size: 13.4px; transform: scaleX(1.02172);\" role=\"presentation\">bis 30 Minuten<\/span> <span dir=\"ltr\" style=\"left: 544.4px; top: 1024.23px; font-size: 13.4px; transform: scaleX(1.03654);\" role=\"presentation\">0,50 Euro<\/span><\/span><br role=\"presentation\" \/><span style=\"font-family: arial, helvetica, sans-serif;\"><span dir=\"ltr\" style=\"left: 378px; top: 1044.03px; font-size: 13.4px;\" role=\"presentation\">&#8211;<\/span> <span dir=\"ltr\" style=\"left: 387.4px; top: 1044.03px; font-size: 13.4px; transform: scaleX(1.05364);\" role=\"presentation\">f\u00fcr je weitere angefangene <\/span><\/span><span style=\"font-family: arial, helvetica, sans-serif;\"><span dir=\"ltr\" style=\"left: 387.4px; top: 1064.23px; font-size: 13.4px; transform: scaleX(1.03197);\" role=\"presentation\">30 Minuten<\/span> <span dir=\"ltr\" style=\"left: 544.4px; top: 1064.23px; font-size: 13.4px; transform: scaleX(1.03654);\" role=\"presentation\">0,50 Euro<\/span><\/span><\/p>\n<p><span dir=\"ltr\" style=\"font-family: arial, helvetica, sans-serif; font-size: 10pt;\" role=\"presentation\">Bei Verlust des Parktickets ist das Parkent<\/span><span dir=\"ltr\" style=\"font-family: arial, helvetica, sans-serif; font-size: 10pt;\" role=\"presentation\">gelt f\u00fcr die H\u00f6chstparkdauer in H\u00f6he von <\/span><span dir=\"ltr\" style=\"font-family: arial, helvetica, sans-serif; font-size: 10pt;\" role=\"presentation\">8,50 Euro zu entrichten, es sei denn, der <\/span><span dir=\"ltr\" style=\"font-family: arial, helvetica, sans-serif; font-size: 10pt;\" role=\"presentation\">Nutzer weist dem Markt H\u00f6sbach eine k\u00fcr<\/span><span dir=\"ltr\" style=\"font-family: arial, helvetica, sans-serif; font-size: 10pt;\" role=\"presentation\">zere Einstelldauer nach.<\/span><\/p>\n<p><span dir=\"ltr\" style=\"left: 354.4px; top: 780.232px; font-size: 13.4px; font-family: sans-serif; transform: scaleX(1.05764);\" role=\"presentation\">An Sonntagen und gesetzlichen Feiertagen <\/span><span dir=\"ltr\" style=\"left: 378px; top: 800.232px; font-size: 13.4px; font-family: sans-serif; transform: scaleX(1.0606);\" role=\"presentation\">in Bayern ist die Benutzung der Tiefgarage <\/span><span dir=\"ltr\" style=\"left: 378px; top: 820.032px; font-size: 13.4px; font-family: sans-serif; transform: scaleX(1.03872);\" role=\"presentation\">entgeltfrei.<\/span><\/p>\n<p><span dir=\"ltr\" style=\"font-family: arial, helvetica, sans-serif; font-size: 10pt;\" role=\"presentation\">\u00a0<\/span><\/p>\n<p>\u00a0<\/p>\t\t\t\t\t\t\t\t<\/div>\n\t\t\t\t<\/div>\n\t\t\t\t\t<\/div>\n\t\t<\/div>\n\t\t\t\t\t<\/div>\n\t\t<\/section>\n\t\t\t\t<\/div>\n\t\t","protected":false},"excerpt":{"rendered":"<p>Rund um den Kultur- und Sportpark sind einige Parkm\u00f6glichkeiten vorhanden. Direkt vor dem Geb\u00e4ude befindet sich eine gro\u00dfe Parkfl\u00e4che! Weitere Parkpl\u00e4tze befinden sich gegen\u00fcber dem Schulzentrum in der Strasse &#8220;An der Maas&#8221;, diese sind keine 500m vom Eingang des Kultur- und Sportparks entfernt und zu Fu\u00df leicht zu erreichen, nat\u00fcrlich Barrierefrei. Auf diesen Fl\u00e4chen ist [&hellip;]<\/p>\n","protected":false},"author":2,"featured_media":0,"parent":0,"menu_order":0,"comment_status":"closed","ping_status":"closed","template":"","meta":{"footnotes":""},"class_list":["post-5491","page","type-page","status-publish","hentry"],"_links":{"self":[{"href":"http:\/\/greenwood-cup.keskenet.de\/index.php?rest_route=\/wp\/v2\/pages\/5491","targetHints":{"allow":["GET"]}}],"collection":[{"href":"http:\/\/greenwood-cup.keskenet.de\/index.php?rest_route=\/wp\/v2\/pages"}],"about":[{"href":"http:\/\/greenwood-cup.keskenet.de\/index.php?rest_route=\/wp\/v2\/types\/page"}],"author":[{"embeddable":true,"href":"http:\/\/greenwood-cup.keskenet.de\/index.php?rest_route=\/wp\/v2\/users\/2"}],"replies":[{"embeddable":true,"href":"http:\/\/greenwood-cup.keskenet.de\/index.php?rest_route=%2Fwp%2Fv2%2Fcomments&post=5491"}],"version-history":[{"count":9,"href":"http:\/\/greenwood-cup.keskenet.de\/index.php?rest_route=\/wp\/v2\/pages\/5491\/revisions"}],"predecessor-version":[{"id":5505,"href":"http:\/\/greenwood-cup.keskenet.de\/index.php?rest_route=\/wp\/v2\/pages\/5491\/revisions\/5505"}],"wp:attachment":[{"href":"http:\/\/greenwood-cup.keskenet.de\/index.php?rest_route=%2Fwp%2Fv2%2Fmedia&parent=5491"}],"curies":[{"name":"wp","href":"https:\/\/api.w.org\/{rel}","templated":true}]}}