{"id":5863,"date":"2022-11-17T14:24:41","date_gmt":"2022-11-17T13:24:41","guid":{"rendered":"http:\/\/greenwood-cup.keskenet.de\/?page_id=5863"},"modified":"2022-11-28T08:06:16","modified_gmt":"2022-11-28T07:06:16","slug":"spvgg-hoesbach-bahnhof-1-2","status":"publish","type":"page","link":"http:\/\/greenwood-cup.keskenet.de\/?page_id=5863","title":{"rendered":"SpVgg H\u00f6sbach-Bahnhof II"},"content":{"rendered":"<p><img fetchpriority=\"high\" decoding=\"async\" class=\"wp-image-5848 aligncenter lazyload\" src=\"data:image\/gif;base64,R0lGODlhAQABAIAAAAAAAP\/\/\/yH5BAEAAAAALAAAAAABAAEAAAIBRAA7\" data-src=\"http:\/\/greenwood-cup.keskenet.de\/wp-content\/uploads\/2022\/11\/SpVgg-Hoesbach-Bahnhof-U11-2022-2023-300x163.jpg\" alt=\"\" width=\"698\" height=\"379\" \/><noscript><img decoding=\"async\" class=\"wp-image-5848 aligncenter lazyload\" src=\"http:\/\/greenwood-cup.keskenet.de\/wp-content\/uploads\/2022\/11\/SpVgg-Hoesbach-Bahnhof-U11-2022-2023-300x163.jpg\" alt=\"\" width=\"698\" height=\"379\" srcset=\"http:\/\/greenwood-cup.keskenet.de\/wp-content\/uploads\/2022\/11\/SpVgg-Hoesbach-Bahnhof-U11-2022-2023-300x163.jpg 300w, http:\/\/greenwood-cup.keskenet.de\/wp-content\/uploads\/2022\/11\/SpVgg-Hoesbach-Bahnhof-U11-2022-2023-1024x557.jpg 1024w, http:\/\/greenwood-cup.keskenet.de\/wp-content\/uploads\/2022\/11\/SpVgg-Hoesbach-Bahnhof-U11-2022-2023-768x418.jpg 768w, http:\/\/greenwood-cup.keskenet.de\/wp-content\/uploads\/2022\/11\/SpVgg-Hoesbach-Bahnhof-U11-2022-2023-128x70.jpg 128w, http:\/\/greenwood-cup.keskenet.de\/wp-content\/uploads\/2022\/11\/SpVgg-Hoesbach-Bahnhof-U11-2022-2023-32x17.jpg 32w, http:\/\/greenwood-cup.keskenet.de\/wp-content\/uploads\/2022\/11\/SpVgg-Hoesbach-Bahnhof-U11-2022-2023.jpg 1200w\" sizes=\"(max-width: 698px) 100vw, 698px\" \/><\/noscript><\/p>\n<table style=\"border-collapse: collapse; width: 100%; height: 69px;\">\n<tbody>\n<tr style=\"height: 46px;\">\n<td style=\"width: 16.9047%; height: 46px;\"><strong>Hinten v.l.:<\/strong><\/td>\n<td style=\"width: 83.0953%; height: 46px;\">Thorsten Flesch, David Wells, Philip Braun, Theodor Bieber, Tim M\u00fcller, Johann Heeg, Murad Zaidor, Finn Offenwanger, Chester Schliebitz, Max He\u00df, Eldar Emiragic<\/td>\n<\/tr>\n<tr style=\"height: 23px;\">\n<td style=\"width: 16.9047%; height: 23px;\"><strong>Vorne v.l.:<\/strong><\/td>\n<td style=\"width: 83.0953%; height: 23px;\">Bastian Mayer, Hanna G\u00f6bel, Sam Schulz Helena Fisazion, Lenny Bohl\u00e4nder, Mattis Mantel, Maximilian F\u00f6rster, Simon Post, Lenny Otto<\/td>\n<\/tr>\n<\/tbody>\n<\/table>\n<p><img decoding=\"async\" class=\"size-medium wp-image-1142 aligncenter lazyload\" src=\"data:image\/gif;base64,R0lGODlhAQABAIAAAAAAAP\/\/\/yH5BAEAAAAALAAAAAABAAEAAAIBRAA7\" data-src=\"http:\/\/greenwood-cup.keskenet.de\/wp-content\/uploads\/2018\/03\/24_Platz-300x96.png\" alt=\"\" width=\"300\" height=\"96\" \/><noscript><img loading=\"lazy\" decoding=\"async\" class=\"size-medium wp-image-1142 aligncenter lazyload\" src=\"http:\/\/greenwood-cup.keskenet.de\/wp-content\/uploads\/2018\/03\/24_Platz-300x96.png\" alt=\"\" width=\"300\" height=\"96\" srcset=\"http:\/\/greenwood-cup.keskenet.de\/wp-content\/uploads\/2018\/03\/24_Platz-300x96.png 300w, http:\/\/greenwood-cup.keskenet.de\/wp-content\/uploads\/2018\/03\/24_Platz-768x245.png 768w, http:\/\/greenwood-cup.keskenet.de\/wp-content\/uploads\/2018\/03\/24_Platz-1024x327.png 1024w, http:\/\/greenwood-cup.keskenet.de\/wp-content\/uploads\/2018\/03\/24_Platz-128x41.png 128w, http:\/\/greenwood-cup.keskenet.de\/wp-content\/uploads\/2018\/03\/24_Platz-32x10.png 32w, http:\/\/greenwood-cup.keskenet.de\/wp-content\/uploads\/2018\/03\/24_Platz-520x166.png 520w, http:\/\/greenwood-cup.keskenet.de\/wp-content\/uploads\/2018\/03\/24_Platz-740x237.png 740w, http:\/\/greenwood-cup.keskenet.de\/wp-content\/uploads\/2018\/03\/24_Platz.png 1414w\" sizes=\"(max-width: 300px) 100vw, 300px\" \/><\/noscript><\/p>\n<div class=\"sportspress sp-widget-align-none\"><h4 class=\"sp-table-caption\">Ergebnisse Greenwood-Cup 2022<\/h4><div class=\"sp-template sp-template-event-blocks\">\n\t<div class=\"sp-table-wrapper\">\n\t\t<table class=\"sp-event-blocks sp-data-table\n\t\t\t\t\t sp-paginated-table\" data-sp-rows=\"10\">\n\t\t\t<thead><tr><th><\/th><\/tr><\/thead> \t\t\t<tbody>\n\t\t\t\t\t\t\t\t\t<tr class=\"sp-row sp-post alternate\" itemscope itemtype=\"http:\/\/schema.org\/SportsEvent\">\n\t\t\t\t\t\t<td>\n\t\t\t\t\t\t\t\t\t\t\t\t\t\t<span class=\"team-logo logo-odd\" title=\"Bayer 04 Leverkusen\"><img loading=\"lazy\" decoding=\"async\" width=\"128\" height=\"100\" src=\"http:\/\/greenwood-cup.keskenet.de\/wp-content\/uploads\/2018\/03\/200px-Bayer_04_Leverkusen_Logo_svg-128x100.png\" class=\"attachment-sportspress-fit-icon size-sportspress-fit-icon wp-post-image\" alt=\"\" \/><\/span> <span class=\"team-logo logo-even\" title=\"SpVgg H\u00f6sbach-Bhf. II\"><img loading=\"lazy\" decoding=\"async\" width=\"128\" height=\"128\" src=\"http:\/\/greenwood-cup.keskenet.de\/wp-content\/uploads\/2018\/02\/Wappen-BHF-240_240-e1518607535185.jpg\" class=\"attachment-sportspress-fit-icon size-sportspress-fit-icon wp-post-image\" alt=\"\" \/><\/span>\t\t\t\t\t\t\t<time class=\"sp-event-date\" datetime=\"2022-11-26 14:15:07\" itemprop=\"startDate\" content=\"2022-11-26T14:15:07+01:00\">\n\t\t\t\t\t\t\t\t<a href=\"http:\/\/greenwood-cup.keskenet.de\/?sp_event=bayer-04-leverkusen-spvgg-hoesbach-bhf-ii-3\">26. November 2022<\/a>\t\t\t\t\t\t\t<\/time>\n\t\t\t\t\t\t\t\t\t\t\t\t\t\t<h5 class=\"sp-event-results\">\n\t\t\t\t\t\t\t\t<a href=\"http:\/\/greenwood-cup.keskenet.de\/?sp_event=bayer-04-leverkusen-spvgg-hoesbach-bhf-ii-3\"><span class=\"sp-result ok\">13<\/span> - <span class=\"sp-result\">0<\/span><\/a>\t\t\t\t\t\t\t<\/h5>\n\t\t\t\t\t\t\t\t\t\t\t\t\t\t\t<div class=\"sp-event-league\">Greenwood-Cup 2022<\/div>\n\t\t\t\t\t\t\t\t\t\t\t\t\t\t\t\t\t\t\t\t\t\t\t\t\t\t\t\t\t\t<div class=\"sp-event-season\">2022 - Vorrunde Greenwood Teamsport Gruppe<\/div>\n\t\t\t\t\t\t\t\t\t\t\t\t\t\t\t\t\t\t\t\t\t\t\t\t\t\t\t\t\t\t\t\t\t\t\t\t\t<div style=\"display:none;\" class=\"sp-event-venue\" itemprop=\"location\" itemscope itemtype=\"http:\/\/schema.org\/Place\"><div itemprop=\"address\" itemscope itemtype=\"http:\/\/schema.org\/PostalAddress\">n.\u00a0a.<\/div><\/div>\n\t\t\t\t\t\t\t\t\t\t\t\t\t\t<h4 class=\"sp-event-title\" itemprop=\"name\">\n\t\t\t\t\t\t\t\t<a href=\"http:\/\/greenwood-cup.keskenet.de\/?sp_event=bayer-04-leverkusen-spvgg-hoesbach-bhf-ii-3\">Bayer 04 Leverkusen \u2014 SpVgg H\u00f6sbach-Bhf. II<\/a>\t\t\t\t\t\t\t<\/h4>\n\t\t\t\t\t\t\t\n\t\t\t\t\t\t<\/td>\n\t\t\t\t\t<\/tr>\n\t\t\t\t\t\t\t\t\t\t<tr class=\"sp-row sp-post\" itemscope itemtype=\"http:\/\/schema.org\/SportsEvent\">\n\t\t\t\t\t\t<td>\n\t\t\t\t\t\t\t\t\t\t\t\t\t\t<span class=\"team-logo logo-odd\" title=\"SpVgg H\u00f6sbach-Bhf. II\"><img loading=\"lazy\" decoding=\"async\" width=\"128\" height=\"128\" src=\"http:\/\/greenwood-cup.keskenet.de\/wp-content\/uploads\/2018\/02\/Wappen-BHF-240_240-e1518607535185.jpg\" class=\"attachment-sportspress-fit-icon size-sportspress-fit-icon wp-post-image\" alt=\"\" \/><\/span> <span class=\"team-logo logo-even\" title=\"SV Viktoria 01 Aschaffenburg\"><img loading=\"lazy\" decoding=\"async\" width=\"128\" height=\"128\" src=\"http:\/\/greenwood-cup.keskenet.de\/wp-content\/uploads\/2018\/02\/SVA01_Vereinswappen_2015.svg_-1-128x128.png\" class=\"attachment-sportspress-fit-icon size-sportspress-fit-icon wp-post-image\" alt=\"\" \/><\/span>\t\t\t\t\t\t\t<time class=\"sp-event-date\" datetime=\"2022-11-26 16:05:06\" itemprop=\"startDate\" content=\"2022-11-26T16:05:06+01:00\">\n\t\t\t\t\t\t\t\t<a href=\"http:\/\/greenwood-cup.keskenet.de\/?sp_event=spvgg-hoesbach-bhf-ii-hannover-96\">26. November 2022<\/a>\t\t\t\t\t\t\t<\/time>\n\t\t\t\t\t\t\t\t\t\t\t\t\t\t<h5 class=\"sp-event-results\">\n\t\t\t\t\t\t\t\t<a href=\"http:\/\/greenwood-cup.keskenet.de\/?sp_event=spvgg-hoesbach-bhf-ii-hannover-96\"><span class=\"sp-result ok\">0<\/span> - <span class=\"sp-result\">10<\/span><\/a>\t\t\t\t\t\t\t<\/h5>\n\t\t\t\t\t\t\t\t\t\t\t\t\t\t\t<div class=\"sp-event-league\">Greenwood-Cup 2022<\/div>\n\t\t\t\t\t\t\t\t\t\t\t\t\t\t\t\t\t\t\t\t\t\t\t\t\t\t\t\t\t\t<div class=\"sp-event-season\">2022 - Vorrunde Greenwood Teamsport Gruppe<\/div>\n\t\t\t\t\t\t\t\t\t\t\t\t\t\t\t\t\t\t\t\t\t\t\t\t\t\t\t\t\t\t\t\t\t\t\t\t\t<div style=\"display:none;\" class=\"sp-event-venue\" itemprop=\"location\" itemscope itemtype=\"http:\/\/schema.org\/Place\"><div itemprop=\"address\" itemscope itemtype=\"http:\/\/schema.org\/PostalAddress\">n.\u00a0a.<\/div><\/div>\n\t\t\t\t\t\t\t\t\t\t\t\t\t\t<h4 class=\"sp-event-title\" itemprop=\"name\">\n\t\t\t\t\t\t\t\t<a href=\"http:\/\/greenwood-cup.keskenet.de\/?sp_event=spvgg-hoesbach-bhf-ii-hannover-96\">SpVgg H\u00f6sbach-Bhf. II \u2014 SV Viktoria 01 Aschaffenburg<\/a>\t\t\t\t\t\t\t<\/h4>\n\t\t\t\t\t\t\t\n\t\t\t\t\t\t<\/td>\n\t\t\t\t\t<\/tr>\n\t\t\t\t\t\t\t\t\t\t<tr class=\"sp-row sp-post alternate\" itemscope itemtype=\"http:\/\/schema.org\/SportsEvent\">\n\t\t\t\t\t\t<td>\n\t\t\t\t\t\t\t\t\t\t\t\t\t\t<span class=\"team-logo logo-odd\" title=\"(SG) SV Viktoria Waldaschaff\"><img loading=\"lazy\" decoding=\"async\" width=\"108\" height=\"128\" src=\"http:\/\/greenwood-cup.keskenet.de\/wp-content\/uploads\/2023\/10\/SG-Waldaschaff-Logo-e1761307194870.png\" class=\"attachment-sportspress-fit-icon size-sportspress-fit-icon wp-post-image\" alt=\"\" \/><\/span> <span class=\"team-logo logo-even\" title=\"SpVgg H\u00f6sbach-Bhf. II\"><img loading=\"lazy\" decoding=\"async\" width=\"128\" height=\"128\" src=\"http:\/\/greenwood-cup.keskenet.de\/wp-content\/uploads\/2018\/02\/Wappen-BHF-240_240-e1518607535185.jpg\" class=\"attachment-sportspress-fit-icon size-sportspress-fit-icon wp-post-image\" alt=\"\" \/><\/span>\t\t\t\t\t\t\t<time class=\"sp-event-date\" datetime=\"2022-11-26 17:11:44\" itemprop=\"startDate\" content=\"2022-11-26T17:11:44+01:00\">\n\t\t\t\t\t\t\t\t<a href=\"http:\/\/greenwood-cup.keskenet.de\/?sp_event=sv-viktoria-waldaschaff-spvgg-hoesbach-bhf-ii\">26. November 2022<\/a>\t\t\t\t\t\t\t<\/time>\n\t\t\t\t\t\t\t\t\t\t\t\t\t\t<h5 class=\"sp-event-results\">\n\t\t\t\t\t\t\t\t<a href=\"http:\/\/greenwood-cup.keskenet.de\/?sp_event=sv-viktoria-waldaschaff-spvgg-hoesbach-bhf-ii\"><span class=\"sp-result ok\">6<\/span> - <span class=\"sp-result\">1<\/span><\/a>\t\t\t\t\t\t\t<\/h5>\n\t\t\t\t\t\t\t\t\t\t\t\t\t\t\t<div class=\"sp-event-league\">Greenwood-Cup 2022<\/div>\n\t\t\t\t\t\t\t\t\t\t\t\t\t\t\t\t\t\t\t\t\t\t\t\t\t\t\t\t\t\t<div class=\"sp-event-season\">2022 - Vorrunde Greenwood Teamsport Gruppe<\/div>\n\t\t\t\t\t\t\t\t\t\t\t\t\t\t\t\t\t\t\t\t\t\t\t\t\t\t\t\t\t\t\t\t\t\t\t\t\t<div style=\"display:none;\" class=\"sp-event-venue\" itemprop=\"location\" itemscope itemtype=\"http:\/\/schema.org\/Place\"><div itemprop=\"address\" itemscope itemtype=\"http:\/\/schema.org\/PostalAddress\">n.\u00a0a.<\/div><\/div>\n\t\t\t\t\t\t\t\t\t\t\t\t\t\t<h4 class=\"sp-event-title\" itemprop=\"name\">\n\t\t\t\t\t\t\t\t<a href=\"http:\/\/greenwood-cup.keskenet.de\/?sp_event=sv-viktoria-waldaschaff-spvgg-hoesbach-bhf-ii\">SG SV Viktoria Waldaschaff \u2014 SpVgg H\u00f6sbach-Bhf. II<\/a>\t\t\t\t\t\t\t<\/h4>\n\t\t\t\t\t\t\t\n\t\t\t\t\t\t<\/td>\n\t\t\t\t\t<\/tr>\n\t\t\t\t\t\t\t\t\t\t<tr class=\"sp-row sp-post\" itemscope itemtype=\"http:\/\/schema.org\/SportsEvent\">\n\t\t\t\t\t\t<td>\n\t\t\t\t\t\t\t\t\t\t\t\t\t\t<span class=\"team-logo logo-odd\" title=\"SpVgg H\u00f6sbach-Bhf. II\"><img loading=\"lazy\" decoding=\"async\" width=\"128\" height=\"128\" src=\"http:\/\/greenwood-cup.keskenet.de\/wp-content\/uploads\/2018\/02\/Wappen-BHF-240_240-e1518607535185.jpg\" class=\"attachment-sportspress-fit-icon size-sportspress-fit-icon wp-post-image\" alt=\"\" \/><\/span> <span class=\"team-logo logo-even\" title=\"FC Augsburg\"><img loading=\"lazy\" decoding=\"async\" width=\"98\" height=\"128\" src=\"http:\/\/greenwood-cup.keskenet.de\/wp-content\/uploads\/2018\/03\/200px-Logo_FC_Augsburg_svg-98x128.png\" class=\"attachment-sportspress-fit-icon size-sportspress-fit-icon wp-post-image\" alt=\"\" \/><\/span>\t\t\t\t\t\t\t<time class=\"sp-event-date\" datetime=\"2022-11-26 17:55:30\" itemprop=\"startDate\" content=\"2022-11-26T17:55:30+01:00\">\n\t\t\t\t\t\t\t\t<a href=\"http:\/\/greenwood-cup.keskenet.de\/?sp_event=spvgg-hoesbach-bhf-ii-fc-augsburg-3\">26. November 2022<\/a>\t\t\t\t\t\t\t<\/time>\n\t\t\t\t\t\t\t\t\t\t\t\t\t\t<h5 class=\"sp-event-results\">\n\t\t\t\t\t\t\t\t<a href=\"http:\/\/greenwood-cup.keskenet.de\/?sp_event=spvgg-hoesbach-bhf-ii-fc-augsburg-3\"><span class=\"sp-result ok\">0<\/span> - <span class=\"sp-result\">11<\/span><\/a>\t\t\t\t\t\t\t<\/h5>\n\t\t\t\t\t\t\t\t\t\t\t\t\t\t\t<div class=\"sp-event-league\">Greenwood-Cup 2022<\/div>\n\t\t\t\t\t\t\t\t\t\t\t\t\t\t\t\t\t\t\t\t\t\t\t\t\t\t\t\t\t\t<div class=\"sp-event-season\">2022 - Vorrunde Greenwood Teamsport Gruppe<\/div>\n\t\t\t\t\t\t\t\t\t\t\t\t\t\t\t\t\t\t\t\t\t\t\t\t\t\t\t\t\t\t\t\t\t\t\t\t\t<div style=\"display:none;\" class=\"sp-event-venue\" itemprop=\"location\" itemscope itemtype=\"http:\/\/schema.org\/Place\"><div itemprop=\"address\" itemscope itemtype=\"http:\/\/schema.org\/PostalAddress\">n.\u00a0a.<\/div><\/div>\n\t\t\t\t\t\t\t\t\t\t\t\t\t\t<h4 class=\"sp-event-title\" itemprop=\"name\">\n\t\t\t\t\t\t\t\t<a href=\"http:\/\/greenwood-cup.keskenet.de\/?sp_event=spvgg-hoesbach-bhf-ii-fc-augsburg-3\">SpVgg H\u00f6sbach-Bhf. II \u2014 FC Augsburg<\/a>\t\t\t\t\t\t\t<\/h4>\n\t\t\t\t\t\t\t\n\t\t\t\t\t\t<\/td>\n\t\t\t\t\t<\/tr>\n\t\t\t\t\t\t\t\t\t\t<tr class=\"sp-row sp-post alternate\" itemscope itemtype=\"http:\/\/schema.org\/SportsEvent\">\n\t\t\t\t\t\t<td>\n\t\t\t\t\t\t\t\t\t\t\t\t\t\t<span class=\"team-logo logo-odd\" title=\"TSV 1913 Pflaumheim\"><img loading=\"lazy\" decoding=\"async\" width=\"128\" height=\"128\" src=\"http:\/\/greenwood-cup.keskenet.de\/wp-content\/uploads\/2018\/03\/Pflaumheim_logo-128x128.png\" class=\"attachment-sportspress-fit-icon size-sportspress-fit-icon wp-post-image\" alt=\"\" \/><\/span> <span class=\"team-logo logo-even\" title=\"SpVgg H\u00f6sbach-Bhf. II\"><img loading=\"lazy\" decoding=\"async\" width=\"128\" height=\"128\" src=\"http:\/\/greenwood-cup.keskenet.de\/wp-content\/uploads\/2018\/02\/Wappen-BHF-240_240-e1518607535185.jpg\" class=\"attachment-sportspress-fit-icon size-sportspress-fit-icon wp-post-image\" alt=\"\" \/><\/span>\t\t\t\t\t\t\t<time class=\"sp-event-date\" datetime=\"2022-11-26 19:23:58\" itemprop=\"startDate\" content=\"2022-11-26T19:23:58+01:00\">\n\t\t\t\t\t\t\t\t<a href=\"http:\/\/greenwood-cup.keskenet.de\/?sp_event=tsv-1913-pflaumheim-spvgg-hoesbach-bhf-ii\">26. November 2022<\/a>\t\t\t\t\t\t\t<\/time>\n\t\t\t\t\t\t\t\t\t\t\t\t\t\t<h5 class=\"sp-event-results\">\n\t\t\t\t\t\t\t\t<a href=\"http:\/\/greenwood-cup.keskenet.de\/?sp_event=tsv-1913-pflaumheim-spvgg-hoesbach-bhf-ii\"><span class=\"sp-result ok\">9<\/span> - <span class=\"sp-result\">0<\/span><\/a>\t\t\t\t\t\t\t<\/h5>\n\t\t\t\t\t\t\t\t\t\t\t\t\t\t\t<div class=\"sp-event-league\">Greenwood-Cup 2022<\/div>\n\t\t\t\t\t\t\t\t\t\t\t\t\t\t\t\t\t\t\t\t\t\t\t\t\t\t\t\t\t\t<div class=\"sp-event-season\">2022 - Vorrunde Greenwood Teamsport Gruppe<\/div>\n\t\t\t\t\t\t\t\t\t\t\t\t\t\t\t\t\t\t\t\t\t\t\t\t\t\t\t\t\t\t\t\t\t\t\t\t\t<div style=\"display:none;\" class=\"sp-event-venue\" itemprop=\"location\" itemscope itemtype=\"http:\/\/schema.org\/Place\"><div itemprop=\"address\" itemscope itemtype=\"http:\/\/schema.org\/PostalAddress\">n.\u00a0a.<\/div><\/div>\n\t\t\t\t\t\t\t\t\t\t\t\t\t\t<h4 class=\"sp-event-title\" itemprop=\"name\">\n\t\t\t\t\t\t\t\t<a href=\"http:\/\/greenwood-cup.keskenet.de\/?sp_event=tsv-1913-pflaumheim-spvgg-hoesbach-bhf-ii\">TSV 1913 Pflaumheim \u2014 SpVgg H\u00f6sbach-Bhf. II<\/a>\t\t\t\t\t\t\t<\/h4>\n\t\t\t\t\t\t\t\n\t\t\t\t\t\t<\/td>\n\t\t\t\t\t<\/tr>\n\t\t\t\t\t\t\t\t<\/tbody>\n\t\t<\/table>\n\t<\/div>\n\t<div class=\"sp-calendar-link sp-view-all-link\"><a href=\"http:\/\/greenwood-cup.keskenet.de\/?sp_calendar=greenwood-cup-2022\">Alle Spiele sehen<\/a><\/div><\/div>\n<\/div>\n<div class=\"sportspress\"><div class=\"sp-template sp-template-league-table\">\n\t<h4 class=\"sp-table-caption\">2022 Vorrunde Greenwood Teamsport Gruppe<\/h4><div class=\"sp-table-wrapper\"><table class=\"sp-league-table sp-league-table-5336 sp-data-table sp-sortable-table sp-responsive-table table_69e5e7e6503ba sp-scrollable-table sp-paginated-table\" data-sp-rows=\"10\"><thead><tr><th class=\"data-rank\">Pos.<\/th><th class=\"data-name\">Club<\/th><th class=\"data-p\">S<\/th><th class=\"data-w\">G<\/th><th class=\"data-d\">U<\/th><th class=\"data-f\">T<\/th><th class=\"data-a\">Gt<\/th><th class=\"data-pts\">P<\/th><\/tr><\/thead><tbody><tr class=\"odd sp-row-no-0\"><td class=\"data-rank\" data-label=\"Pos.\">1<\/td><td class=\"data-name has-logo\" data-label=\"Club\"><span class=\"team-logo\"><img loading=\"lazy\" decoding=\"async\" width=\"128\" height=\"100\" src=\"http:\/\/greenwood-cup.keskenet.de\/wp-content\/uploads\/2018\/03\/200px-Bayer_04_Leverkusen_Logo_svg-128x100.png\" class=\"attachment-sportspress-fit-icon size-sportspress-fit-icon wp-post-image\" alt=\"\" \/><\/span>Bayer 04 Leverkusen<\/td><td class=\"data-p\" data-label=\"S\">5<\/td><td class=\"data-w\" data-label=\"G\">5<\/td><td class=\"data-d\" data-label=\"U\">0<\/td><td class=\"data-f\" data-label=\"T\">43<\/td><td class=\"data-a\" data-label=\"Gt\">0<\/td><td class=\"data-pts\" data-label=\"P\">15<\/td><\/tr><tr class=\"even sp-row-no-1\"><td class=\"data-rank\" data-label=\"Pos.\">2<\/td><td class=\"data-name has-logo\" data-label=\"Club\"><span class=\"team-logo\"><img loading=\"lazy\" decoding=\"async\" width=\"98\" height=\"128\" src=\"http:\/\/greenwood-cup.keskenet.de\/wp-content\/uploads\/2018\/03\/200px-Logo_FC_Augsburg_svg-98x128.png\" class=\"attachment-sportspress-fit-icon size-sportspress-fit-icon wp-post-image\" alt=\"\" \/><\/span>FC Augsburg<\/td><td class=\"data-p\" data-label=\"S\">5<\/td><td class=\"data-w\" data-label=\"G\">4<\/td><td class=\"data-d\" data-label=\"U\">0<\/td><td class=\"data-f\" data-label=\"T\">35<\/td><td class=\"data-a\" data-label=\"Gt\">2<\/td><td class=\"data-pts\" data-label=\"P\">12<\/td><\/tr><tr class=\"odd sp-row-no-2\"><td class=\"data-rank\" data-label=\"Pos.\">3<\/td><td class=\"data-name has-logo\" data-label=\"Club\"><span class=\"team-logo\"><img loading=\"lazy\" decoding=\"async\" width=\"128\" height=\"128\" src=\"http:\/\/greenwood-cup.keskenet.de\/wp-content\/uploads\/2018\/02\/SVA01_Vereinswappen_2015.svg_-1-128x128.png\" class=\"attachment-sportspress-fit-icon size-sportspress-fit-icon wp-post-image\" alt=\"\" \/><\/span>SV Viktoria 01 Aschaffenburg<\/td><td class=\"data-p\" data-label=\"S\">5<\/td><td class=\"data-w\" data-label=\"G\">3<\/td><td class=\"data-d\" data-label=\"U\">0<\/td><td class=\"data-f\" data-label=\"T\">21<\/td><td class=\"data-a\" data-label=\"Gt\">12<\/td><td class=\"data-pts\" data-label=\"P\">9<\/td><\/tr><tr class=\"even sp-row-no-3\"><td class=\"data-rank\" data-label=\"Pos.\">4<\/td><td class=\"data-name has-logo\" data-label=\"Club\"><span class=\"team-logo\"><img loading=\"lazy\" decoding=\"async\" width=\"128\" height=\"128\" src=\"http:\/\/greenwood-cup.keskenet.de\/wp-content\/uploads\/2018\/03\/Pflaumheim_logo-128x128.png\" class=\"attachment-sportspress-fit-icon size-sportspress-fit-icon wp-post-image\" alt=\"\" \/><\/span>TSV 1913 Pflaumheim<\/td><td class=\"data-p\" data-label=\"S\">5<\/td><td class=\"data-w\" data-label=\"G\">1<\/td><td class=\"data-d\" data-label=\"U\">1<\/td><td class=\"data-f\" data-label=\"T\">11<\/td><td class=\"data-a\" data-label=\"Gt\">27<\/td><td class=\"data-pts\" data-label=\"P\">4<\/td><\/tr><tr class=\"odd sp-row-no-4\"><td class=\"data-rank\" data-label=\"Pos.\">5<\/td><td class=\"data-name has-logo\" data-label=\"Club\"><span class=\"team-logo\"><img loading=\"lazy\" decoding=\"async\" width=\"108\" height=\"128\" src=\"http:\/\/greenwood-cup.keskenet.de\/wp-content\/uploads\/2023\/10\/SG-Waldaschaff-Logo-e1761307194870.png\" class=\"attachment-sportspress-fit-icon size-sportspress-fit-icon wp-post-image\" alt=\"\" \/><\/span>(SG) SV Viktoria Waldaschaff<\/td><td class=\"data-p\" data-label=\"S\">5<\/td><td class=\"data-w\" data-label=\"G\">1<\/td><td class=\"data-d\" data-label=\"U\">1<\/td><td class=\"data-f\" data-label=\"T\">8<\/td><td class=\"data-a\" data-label=\"Gt\">29<\/td><td class=\"data-pts\" data-label=\"P\">4<\/td><\/tr><tr class=\"even sp-row-no-5\"><td class=\"data-rank\" data-label=\"Pos.\">6<\/td><td class=\"data-name has-logo\" data-label=\"Club\"><span class=\"team-logo\"><img loading=\"lazy\" decoding=\"async\" width=\"128\" height=\"128\" src=\"http:\/\/greenwood-cup.keskenet.de\/wp-content\/uploads\/2018\/02\/Wappen-BHF-240_240-e1518607535185.jpg\" class=\"attachment-sportspress-fit-icon size-sportspress-fit-icon wp-post-image\" alt=\"\" \/><\/span>SpVgg H\u00f6sbach-Bhf. II<\/td><td class=\"data-p\" data-label=\"S\">5<\/td><td class=\"data-w\" data-label=\"G\">0<\/td><td class=\"data-d\" data-label=\"U\">0<\/td><td class=\"data-f\" data-label=\"T\">1<\/td><td class=\"data-a\" data-label=\"Gt\">49<\/td><td class=\"data-pts\" data-label=\"P\">0<\/td><\/tr><\/tbody><\/table><\/div><\/div>\n<\/div>\n","protected":false},"excerpt":{"rendered":"<p>Hinten v.l.: Thorsten Flesch, David Wells, Philip Braun, Theodor Bieber, Tim M\u00fcller, Johann Heeg, Murad Zaidor, Finn Offenwanger, Chester Schliebitz, Max He\u00df, Eldar Emiragic Vorne v.l.: Bastian Mayer, Hanna G\u00f6bel, Sam Schulz Helena Fisazion, Lenny Bohl\u00e4nder, Mattis Mantel, Maximilian F\u00f6rster, Simon Post, Lenny Otto<\/p>\n","protected":false},"author":2,"featured_media":42,"parent":5186,"menu_order":0,"comment_status":"closed","ping_status":"closed","template":"","meta":{"footnotes":""},"class_list":["post-5863","page","type-page","status-publish","has-post-thumbnail","hentry"],"_links":{"self":[{"href":"http:\/\/greenwood-cup.keskenet.de\/index.php?rest_route=\/wp\/v2\/pages\/5863","targetHints":{"allow":["GET"]}}],"collection":[{"href":"http:\/\/greenwood-cup.keskenet.de\/index.php?rest_route=\/wp\/v2\/pages"}],"about":[{"href":"http:\/\/greenwood-cup.keskenet.de\/index.php?rest_route=\/wp\/v2\/types\/page"}],"author":[{"embeddable":true,"href":"http:\/\/greenwood-cup.keskenet.de\/index.php?rest_route=\/wp\/v2\/users\/2"}],"replies":[{"embeddable":true,"href":"http:\/\/greenwood-cup.keskenet.de\/index.php?rest_route=%2Fwp%2Fv2%2Fcomments&post=5863"}],"version-history":[{"count":3,"href":"http:\/\/greenwood-cup.keskenet.de\/index.php?rest_route=\/wp\/v2\/pages\/5863\/revisions"}],"predecessor-version":[{"id":6755,"href":"http:\/\/greenwood-cup.keskenet.de\/index.php?rest_route=\/wp\/v2\/pages\/5863\/revisions\/6755"}],"up":[{"embeddable":true,"href":"http:\/\/greenwood-cup.keskenet.de\/index.php?rest_route=\/wp\/v2\/pages\/5186"}],"wp:featuredmedia":[{"embeddable":true,"href":"http:\/\/greenwood-cup.keskenet.de\/index.php?rest_route=\/wp\/v2\/media\/42"}],"wp:attachment":[{"href":"http:\/\/greenwood-cup.keskenet.de\/index.php?rest_route=%2Fwp%2Fv2%2Fmedia&parent=5863"}],"curies":[{"name":"wp","href":"https:\/\/api.w.org\/{rel}","templated":true}]}}